{"id":1789,"date":"2017-11-23T10:01:39","date_gmt":"2017-11-23T09:01:39","guid":{"rendered":"http:\/\/lopez.chili.zgora.pl\/angebote\/"},"modified":"2023-03-27T13:56:04","modified_gmt":"2023-03-27T11:56:04","slug":"angebote","status":"publish","type":"page","link":"https:\/\/lopez.pl\/de\/angebote\/","title":{"rendered":"Angebote"},"content":{"rendered":"<div class=\"wpb-content-wrapper\">[mk_page_section bg_color=&#8220;#ffffff&#8220; bg_position=&#8220;center center&#8220; bg_repeat=&#8220;no-repeat&#8220; bg_stretch=&#8220;true&#8220; min_height=&#8220;0&#8243; padding_top=&#8220;110&#8243; padding_bottom=&#8220;0&#8243; sidebar=&#8220;sidebar-1&#8243;][vc_column][mk_custom_box corner_radius=&#8220;12&#8243; padding_vertical=&#8220;0&#8243; margin_bottom=&#8220;68&#8243; min_height=&#8220;0&#8243; bg_color=&#8220;#f5f5f5&#8243; bg_image=&#8220;https:\/\/lopez.pl\/wp-content\/uploads\/custom-box_bgrnd.png&#8220; bg_position=&#8220;left bottom&#8220; bg_repeat=&#8220;repeat-x&#8220;][vc_row_inner][vc_column_inner width=&#8220;1\/2&#8243;][mk_padding_divider size=&#8220;42&#8243;][mk_image src=&#8220;https:\/\/lopez.pl\/wp-content\/uploads\/bluevolution82.png&#8220; image_size=&#8220;full&#8220; align=&#8220;center&#8220; margin_bottom=&#8220;0&#8243; el_class=&#8220;encore&#8220;][\/vc_column_inner][vc_column_inner width=&#8220;1\/2&#8243;][mk_padding_divider size=&#8220;68&#8243;][mk_fancy_title tag_name=&#8220;h1&#8243; size=&#8220;68&#8243; font_weight=&#8220;bold&#8220; margin_bottom=&#8220;16&#8243; font_family=&#8220;none&#8220;]PVC Fens\u00adter[\/mk_fancy_title][vc_column_text margin_bottom=&#8220;26&#8243; css=&#8220;.vc_custom_1512726519442{margin-bottom: 0px !important;}&#8220;]Wir bieten eine breite Palette von PVC-Fenstern, Standardfenstern bis hin zu Passivh\u00e4usern an.[\/vc_column_text][mk_button dimension=&#8220;outline&#8220; corner_style=&#8220;rounded&#8220; size=&#8220;large&#8220; letter_spacing=&#8220;1&#8243; url=&#8220;\/de\/angebote\/pvc-fenster\/&#8220; outline_skin=&#8220;custom&#8220; outline_active_text_color=&#8220;#0b4a63&#8243; outline_hover_bg_color=&#8220;#0abbff&#8220; outline_hover_color=&#8220;#ffffff&#8220;]PVC Fens\u00adter[\/mk_button][mk_button dimension=&#8220;flat&#8220; corner_style=&#8220;rounded&#8220; size=&#8220;large&#8220; letter_spacing=&#8220;1&#8243; url=&#8220;\/de\/kostenloser-kostenvoranschlag\/&#8220; bg_color=&#8220;#0b4a63&#8243; btn_hover_bg=&#8220;#0abbff&#8220; btn_hover_txt_color=&#8220;#ffffff&#8220;]Kostenloser Kostenvoranschlag[\/mk_button][\/vc_column_inner][\/vc_row_inner][\/mk_custom_box][\/vc_column][\/mk_page_section][mk_page_section bg_color=&#8220;#ffffff&#8220; bg_position=&#8220;center center&#8220; bg_repeat=&#8220;no-repeat&#8220; bg_stretch=&#8220;true&#8220; min_height=&#8220;0&#8243; padding_top=&#8220;0&#8243; padding_bottom=&#8220;0&#8243; sidebar=&#8220;sidebar-1&#8243;][vc_column width=&#8220;1\/2&#8243;][mk_custom_box corner_radius=&#8220;12&#8243; padding_vertical=&#8220;15&#8243; padding_horizental=&#8220;30&#8243; margin_bottom=&#8220;30&#8243; min_height=&#8220;0&#8243; bg_color=&#8220;#f5f5f5&#8243; bg_image=&#8220;https:\/\/lopez.pl\/wp-content\/uploads\/iv92.png&#8220; bg_position=&#8220;right center&#8220; overlay_color=&#8220;rgba(245,245,245,0.01)&#8220; bg_stretch=&#8220;false&#8220;][mk_fancy_title size=&#8220;42&#8243; font_weight=&#8220;bold&#8220; margin_top=&#8220;10&#8243; margin_bottom=&#8220;0&#8243; font_family=&#8220;none&#8220; responsive_align=&#8220;left&#8220;]Holz Fenster[\/mk_fancy_title][vc_row_inner attached=&#8220;true&#8220;][vc_column_inner width=&#8220;1\/2&#8243;][vc_column_text margin_bottom=&#8220;10&#8243; css=&#8220;.vc_custom_1512399094260{margin-bottom: 0px !important;}&#8220;]Kiefer oder Meranti. Erh\u00e4ltlich in drei St\u00e4rken &#8211; 68, 78 und 92 mm.[\/vc_column_text][\/vc_column_inner][vc_column_inner width=&#8220;1\/2&#8243;][\/vc_column_inner][\/vc_row_inner][mk_button dimension=&#8220;outline&#8220; corner_style=&#8220;rounded&#8220; size=&#8220;medium&#8220; url=&#8220;\/de\/angebote\/holzfenster\/&#8220; margin_bottom=&#8220;0&#8243; outline_skin=&#8220;custom&#8220; outline_active_text_color=&#8220;#0b4a63&#8243; outline_hover_bg_color=&#8220;#0abbff&#8220; outline_hover_color=&#8220;#ffffff&#8220;]Holz Fenster[\/mk_button][mk_button dimension=&#8220;flat&#8220; corner_style=&#8220;rounded&#8220; size=&#8220;medium&#8220; url=&#8220;\/de\/kostenloser-kostenvoranschlag\/&#8220; margin_bottom=&#8220;0&#8243; bg_color=&#8220;#0b4a63&#8243; btn_hover_bg=&#8220;#0abbff&#8220; btn_hover_txt_color=&#8220;#ffffff&#8220;]Kostenloser Kostenvoranschlag[\/mk_button][\/mk_custom_box][\/vc_column][vc_column width=&#8220;1\/2&#8243;][mk_custom_box corner_radius=&#8220;12&#8243; padding_vertical=&#8220;15&#8243; padding_horizental=&#8220;30&#8243; margin_bottom=&#8220;30&#8243; min_height=&#8220;0&#8243; bg_color=&#8220;#f5f5f5&#8243; bg_image=&#8220;https:\/\/lopez.pl\/wp-content\/uploads\/4.jpg&#8220; overlay_color=&#8220;rgba(245,245,245,0.01)&#8220; bg_stretch=&#8220;true&#8220;][vc_row_inner attached=&#8220;true&#8220;][vc_column_inner width=&#8220;1\/2&#8243;][mk_fancy_title size=&#8220;42&#8243; font_weight=&#8220;bold&#8220; margin_top=&#8220;10&#8243; margin_bottom=&#8220;51&#8243; font_family=&#8220;none&#8220; responsive_align=&#8220;left&#8220;]T\u00fcren[\/mk_fancy_title][mk_button dimension=&#8220;outline&#8220; corner_style=&#8220;rounded&#8220; size=&#8220;medium&#8220; url=&#8220;\/de\/angebote\/pvc-turen\/&#8220; margin_bottom=&#8220;0&#8243; outline_skin=&#8220;custom&#8220; outline_active_text_color=&#8220;#0b4a63&#8243; outline_hover_bg_color=&#8220;#0abbff&#8220; outline_hover_color=&#8220;#ffffff&#8220;]PVC-T\u00fcren[\/mk_button][\/vc_column_inner][vc_column_inner width=&#8220;1\/2&#8243;][\/vc_column_inner][\/vc_row_inner][mk_button dimension=&#8220;outline&#8220; corner_style=&#8220;rounded&#8220; size=&#8220;medium&#8220; url=&#8220;\/de\/angebote\/holzturen\/&#8220; margin_bottom=&#8220;0&#8243; outline_skin=&#8220;custom&#8220; outline_active_text_color=&#8220;#0b4a63&#8243; outline_hover_bg_color=&#8220;#0abbff&#8220; outline_hover_color=&#8220;#ffffff&#8220;]Holzt\u00fcren[\/mk_button][mk_button dimension=&#8220;flat&#8220; corner_style=&#8220;rounded&#8220; size=&#8220;medium&#8220; url=&#8220;\/de\/kostenloser-kostenvoranschlag\/&#8220; margin_bottom=&#8220;0&#8243; bg_color=&#8220;#0b4a63&#8243; btn_hover_bg=&#8220;#0abbff&#8220; btn_hover_txt_color=&#8220;#ffffff&#8220;]Kostenloser Kostenvoranschlag[\/mk_button][\/mk_custom_box][\/vc_column][\/mk_page_section][mk_page_section bg_color=&#8220;#ffffff&#8220; bg_position=&#8220;center center&#8220; bg_repeat=&#8220;no-repeat&#8220; bg_stretch=&#8220;true&#8220; min_height=&#8220;0&#8243; padding_top=&#8220;0&#8243; padding_bottom=&#8220;0&#8243; sidebar=&#8220;sidebar-1&#8243;][vc_column width=&#8220;1\/2&#8243;][mk_custom_box corner_radius=&#8220;12&#8243; padding_vertical=&#8220;15&#8243; padding_horizental=&#8220;30&#8243; margin_bottom=&#8220;30&#8243; min_height=&#8220;&#8220; bg_color=&#8220;#f5f5f5&#8243; bg_image=&#8220;https:\/\/lopez.pl\/wp-content\/uploads\/stock-photo-conservatory-tables-chairs-plants-room-in-house-next-to-garden-17288863.jpg&#8220; bg_position=&#8220;center top&#8220; overlay_color=&#8220;rgba(245,245,245,0.01)&#8220; bg_stretch=&#8220;true&#8220;][mk_fancy_title size=&#8220;42&#8243; font_weight=&#8220;bold&#8220; margin_top=&#8220;10&#8243; margin_bottom=&#8220;0&#8243; font_family=&#8220;none&#8220; responsive_align=&#8220;left&#8220;]Winter\u00adg\u00e4rten[\/mk_fancy_title][vc_row_inner attached=&#8220;true&#8220;][vc_column_inner width=&#8220;2\/3&#8243;][vc_column_text margin_bottom=&#8220;10&#8243; css=&#8220;.vc_custom_1512399425008{margin-bottom: 0px !important;}&#8220;]Die Winterg\u00e4rten vergr\u00f6\u00dfern nicht nur das Haus, sondern haben auch einen sehr guten Einfluss auf Ihre Lebensqualit\u00e4t.[\/vc_column_text][\/vc_column_inner][vc_column_inner width=&#8220;1\/3&#8243;][\/vc_column_inner][\/vc_row_inner][mk_button dimension=&#8220;outline&#8220; corner_style=&#8220;rounded&#8220; size=&#8220;medium&#8220; url=&#8220;\/de\/angebote\/wintergarten\/&#8220; margin_bottom=&#8220;0&#8243; outline_skin=&#8220;custom&#8220; outline_active_text_color=&#8220;#0b4a63&#8243; outline_hover_bg_color=&#8220;#0abbff&#8220; outline_hover_color=&#8220;#ffffff&#8220;]Winter\u00adg\u00e4rten[\/mk_button][mk_button dimension=&#8220;flat&#8220; corner_style=&#8220;rounded&#8220; size=&#8220;medium&#8220; url=&#8220;\/de\/kostenloser-kostenvoranschlag\/&#8220; margin_bottom=&#8220;0&#8243; bg_color=&#8220;#0b4a63&#8243; btn_hover_bg=&#8220;#0abbff&#8220; btn_hover_txt_color=&#8220;#ffffff&#8220;]Kostenloser Kostenvoranschlag[\/mk_button][\/mk_custom_box][\/vc_column][vc_column width=&#8220;1\/2&#8243;][mk_custom_box corner_radius=&#8220;12&#8243; padding_vertical=&#8220;15&#8243; padding_horizental=&#8220;30&#8243; margin_bottom=&#8220;30&#8243; min_height=&#8220;0&#8243; bg_color=&#8220;#f5f5f5&#8243; bg_image=&#8220;https:\/\/lopez.pl\/wp-content\/uploads\/stock-photo-view-of-wooden-glossy-stairs-from-upword-showing-a-beautiful-scenery-hunged-on-the-wall-399701566.jpg&#8220; overlay_color=&#8220;rgba(245,245,245,0.01)&#8220; bg_stretch=&#8220;true&#8220;][vc_row_inner attached=&#8220;true&#8220;][vc_column_inner width=&#8220;2\/3&#8243;][mk_fancy_title size=&#8220;42&#8243; font_weight=&#8220;bold&#8220; margin_top=&#8220;10&#8243; margin_bottom=&#8220;0&#8243; font_family=&#8220;none&#8220; responsive_align=&#8220;left&#8220;]Treppen[\/mk_fancy_title][vc_column_text margin_bottom=&#8220;10&#8243; css=&#8220;.vc_custom_1512399141915{margin-bottom: 0px !important;}&#8220;]Wir bauen die Treppen von Hand, dadurch k\u00f6nnen wir viele Kundenw\u00fcnsche erf\u00fcllen.[\/vc_column_text][\/vc_column_inner][vc_column_inner width=&#8220;1\/3&#8243;][\/vc_column_inner][\/vc_row_inner][mk_button dimension=&#8220;outline&#8220; corner_style=&#8220;rounded&#8220; size=&#8220;medium&#8220; url=&#8220;\/de\/angebote\/treppen\/&#8220; margin_bottom=&#8220;0&#8243; outline_skin=&#8220;custom&#8220; outline_active_text_color=&#8220;#0b4a63&#8243; outline_hover_bg_color=&#8220;#0abbff&#8220; outline_hover_color=&#8220;#ffffff&#8220;]Treppen[\/mk_button][mk_button dimension=&#8220;flat&#8220; corner_style=&#8220;rounded&#8220; size=&#8220;medium&#8220; url=&#8220;\/de\/kostenloser-kostenvoranschlag\/&#8220; margin_bottom=&#8220;0&#8243; bg_color=&#8220;#0b4a63&#8243; btn_hover_bg=&#8220;#0abbff&#8220; btn_hover_txt_color=&#8220;#ffffff&#8220;]Kostenloser Kostenvoranschlag[\/mk_button][\/mk_custom_box][\/vc_column][\/mk_page_section][mk_page_section bg_color=&#8220;#ffffff&#8220; bg_position=&#8220;center center&#8220; bg_repeat=&#8220;no-repeat&#8220; bg_stretch=&#8220;true&#8220; min_height=&#8220;0&#8243; padding_top=&#8220;0&#8243; padding_bottom=&#8220;110&#8243; sidebar=&#8220;sidebar-1&#8243;][vc_column width=&#8220;1\/2&#8243;][mk_custom_box corner_radius=&#8220;12&#8243; padding_vertical=&#8220;15&#8243; padding_horizental=&#8220;30&#8243; margin_bottom=&#8220;30&#8243; min_height=&#8220;0&#8243; bg_color=&#8220;#f5f5f5&#8243; bg_image=&#8220;https:\/\/lopez.pl\/wp-content\/uploads\/stock-photo-beautiful-wrought-fence-image-of-a-decorative-cast-iron-fence-metal-fence-close-up-metal-forged-503814421.jpg&#8220; overlay_color=&#8220;rgba(245,245,245,0.01)&#8220; bg_stretch=&#8220;true&#8220;][mk_fancy_title size=&#8220;42&#8243; font_weight=&#8220;bold&#8220; margin_top=&#8220;10&#8243; margin_bottom=&#8220;0&#8243; font_family=&#8220;none&#8220; responsive_align=&#8220;left&#8220;]Z\u00e4une[\/mk_fancy_title][vc_row_inner attached=&#8220;true&#8220;][vc_column_inner width=&#8220;1\/2&#8243;][vc_column_text margin_bottom=&#8220;10&#8243; css=&#8220;.vc_custom_1512399162400{margin-bottom: 0px !important;}&#8220;]Wir bauen Stahlkonstruktionen wie Z\u00e4une, Tore, T\u00fcren, Treppengel\u00e4nder.[\/vc_column_text][\/vc_column_inner][vc_column_inner width=&#8220;1\/2&#8243;][\/vc_column_inner][\/vc_row_inner][mk_button dimension=&#8220;outline&#8220; corner_style=&#8220;rounded&#8220; size=&#8220;medium&#8220; url=&#8220;\/de\/angebote\/zaune\/&#8220; margin_bottom=&#8220;0&#8243; outline_skin=&#8220;custom&#8220; outline_active_text_color=&#8220;#0b4a63&#8243; outline_hover_bg_color=&#8220;#0abbff&#8220; outline_hover_color=&#8220;#ffffff&#8220;]Z\u00e4une[\/mk_button][mk_button dimension=&#8220;flat&#8220; corner_style=&#8220;rounded&#8220; size=&#8220;medium&#8220; url=&#8220;\/de\/kostenloser-kostenvoranschlag\/&#8220; margin_bottom=&#8220;0&#8243; bg_color=&#8220;#0b4a63&#8243; btn_hover_bg=&#8220;#0abbff&#8220; btn_hover_txt_color=&#8220;#ffffff&#8220;]Kostenloser Kostenvoranschlag[\/mk_button][\/mk_custom_box][\/vc_column][vc_column width=&#8220;1\/2&#8243;][mk_custom_box corner_radius=&#8220;12&#8243; padding_vertical=&#8220;15&#8243; padding_horizental=&#8220;30&#8243; margin_bottom=&#8220;30&#8243; min_height=&#8220;0&#8243; visibility=&#8220;hidden-sm&#8220; el_class=&#8220;sws&#8220; bg_color=&#8220;#f5f5f5&#8243; bg_image=&#8220;https:\/\/lopez.pl\/wp-content\/uploads\/sws-logo-z-napisem.png&#8220; bg_position=&#8220;right center&#8220; bg_stretch=&#8220;false&#8220;][mk_fancy_title size=&#8220;42&#8243; font_weight=&#8220;bold&#8220; margin_top=&#8220;10&#8243; margin_bottom=&#8220;0&#8243; font_family=&#8220;none&#8220; responsive_align=&#8220;left&#8220;]Warme Montage[\/mk_fancy_title][vc_row_inner attached=&#8220;true&#8220;][vc_column_inner width=&#8220;2\/3&#8243;][vc_column_text margin_bottom=&#8220;10&#8243; css=&#8220;.vc_custom_1511953803455{margin-bottom: 0px !important;}&#8220;]Unsere Montageteams arbeiten mit den hochwertigsten Produkten der renommierten Firma Soudal.[\/vc_column_text][\/vc_column_inner][vc_column_inner width=&#8220;1\/3&#8243;][\/vc_column_inner][\/vc_row_inner][mk_button dimension=&#8220;outline&#8220; corner_style=&#8220;rounded&#8220; size=&#8220;medium&#8220; url=&#8220;\/de\/angebote\/warme-montage\/&#8220; margin_bottom=&#8220;0&#8243; outline_skin=&#8220;custom&#8220; outline_active_text_color=&#8220;#0b4a63&#8243; outline_hover_bg_color=&#8220;#0abbff&#8220; outline_hover_color=&#8220;#ffffff&#8220;]Warme Montage[\/mk_button][mk_button dimension=&#8220;flat&#8220; corner_style=&#8220;rounded&#8220; size=&#8220;medium&#8220; url=&#8220;\/de\/kostenloser-kostenvoranschlag\/&#8220; margin_bottom=&#8220;0&#8243; bg_color=&#8220;#0b4a63&#8243; btn_hover_bg=&#8220;#0abbff&#8220; btn_hover_txt_color=&#8220;#ffffff&#8220;]Kostenloser Kostenvoranschlag[\/mk_button][\/mk_custom_box][mk_custom_box corner_radius=&#8220;12&#8243; padding_vertical=&#8220;15&#8243; padding_horizental=&#8220;30&#8243; margin_bottom=&#8220;30&#8243; min_height=&#8220;0&#8243; visibility=&#8220;visible-sm&#8220; el_class=&#8220;sws&#8220; bg_color=&#8220;#f5f5f5&#8243; bg_position=&#8220;right center&#8220; bg_stretch=&#8220;false&#8220;][mk_fancy_title size=&#8220;42&#8243; font_weight=&#8220;bold&#8220; margin_top=&#8220;10&#8243; margin_bottom=&#8220;0&#8243; font_family=&#8220;none&#8220; responsive_align=&#8220;left&#8220;]Warme Montage[\/mk_fancy_title][vc_row_inner attached=&#8220;true&#8220;][vc_column_inner width=&#8220;2\/3&#8243;][vc_column_text margin_bottom=&#8220;10&#8243; css=&#8220;.vc_custom_1511953803455{margin-bottom: 0px !important;}&#8220;]Unsere Montageteams arbeiten mit den hochwertigsten Produkten der renommierten Firma Soudal.[\/vc_column_text][\/vc_column_inner][vc_column_inner width=&#8220;1\/3&#8243;][\/vc_column_inner][\/vc_row_inner][mk_button dimension=&#8220;outline&#8220; corner_style=&#8220;rounded&#8220; size=&#8220;medium&#8220; url=&#8220;\/de\/angebote\/warme-montage\/&#8220; margin_bottom=&#8220;0&#8243; outline_skin=&#8220;custom&#8220; outline_active_text_color=&#8220;#0b4a63&#8243; outline_hover_bg_color=&#8220;#0abbff&#8220; outline_hover_color=&#8220;#ffffff&#8220;]Warme Montage[\/mk_button][mk_button dimension=&#8220;flat&#8220; corner_style=&#8220;rounded&#8220; size=&#8220;medium&#8220; url=&#8220;\/de\/kostenloser-kostenvoranschlag\/&#8220; margin_bottom=&#8220;0&#8243; bg_color=&#8220;#0b4a63&#8243; btn_hover_bg=&#8220;#0abbff&#8220; btn_hover_txt_color=&#8220;#ffffff&#8220;]Kostenloser Kostenvoranschlag[\/mk_button][\/mk_custom_box][\/vc_column][\/mk_page_section]\n<\/div>","protected":false},"excerpt":{"rendered":"<p>[mk_page_section bg_color=&#8220;#ffffff&#8220; bg_position=&#8220;center center&#8220; bg_repeat=&#8220;no-repeat&#8220; bg_stretch=&#8220;true&#8220; min_height=&#8220;0&#8243; padding_top=&#8220;110&#8243; padding_bottom=&#8220;0&#8243; sidebar=&#8220;sidebar-1&#8243;][vc_column][mk_custom_box corner_radius=&#8220;12&#8243; padding_vertical=&#8220;0&#8243; margin_bottom=&#8220;68&#8243; min_height=&#8220;0&#8243; bg_color=&#8220;#f5f5f5&#8243; bg_image=&#8220;https:\/\/lopez.pl\/wp-content\/uploads\/custom-box_bgrnd.png&#8220; bg_position=&#8220;left bottom&#8220; bg_repeat=&#8220;repeat-x&#8220;][vc_row_inner][vc_column_inner width=&#8220;1\/2&#8243;][mk_padding_divider size=&#8220;42&#8243;][mk_image src=&#8220;https:\/\/lopez.pl\/wp-content\/uploads\/bluevolution82.png&#8220; image_size=&#8220;full&#8220; align=&#8220;center&#8220; margin_bottom=&#8220;0&#8243; el_class=&#8220;encore&#8220;][\/vc_column_inner][vc_column_inner width=&#8220;1\/2&#8243;][mk_padding_divider size=&#8220;68&#8243;][mk_fancy_title tag_name=&#8220;h1&#8243; size=&#8220;68&#8243; font_weight=&#8220;bold&#8220; margin_bottom=&#8220;16&#8243; font_family=&#8220;none&#8220;]PVC Fens\u00adter[\/mk_fancy_title][vc_column_text margin_bottom=&#8220;26&#8243; css=&#8220;.vc_custom_1512726519442{margin-bottom: 0px !important;}&#8220;]Wir bieten eine breite Palette von PVC-Fenstern, Standardfenstern bis hin zu Passivh\u00e4usern an.[\/vc_column_text][mk_button dimension=&#8220;outline&#8220; corner_style=&#8220;rounded&#8220; size=&#8220;large&#8220; letter_spacing=&#8220;1&#8243; url=&#8220;\/de\/angebote\/pvc-fenster\/&#8220; [&hellip;]<\/p>\n","protected":false},"author":1,"featured_media":0,"parent":0,"menu_order":3,"comment_status":"closed","ping_status":"closed","template":"","meta":{"inline_featured_image":false,"footnotes":""},"class_list":["post-1789","page","type-page","status-publish","hentry"],"yoast_head":"<!-- This site is optimized with the Yoast SEO plugin v27.4 - https:\/\/yoast.com\/product\/yoast-seo-wordpress\/ -->\n<title>Angebote &#8226; Lopez.pl<\/title>\n<meta name=\"description\" content=\"Die von uns angebotene Tischlerei aus Holz und PVC ist eine Garantie f\u00fcr hohe Qualit\u00e4t bei gleichzeitig attraktiven Preisen.\" \/>\n<meta name=\"robots\" content=\"index, follow, max-snippet:-1, max-image-preview:large, max-video-preview:-1\" \/>\n<link rel=\"canonical\" href=\"https:\/\/lopez.pl\/de\/angebote\/\" \/>\n<meta property=\"og:locale\" content=\"de_DE\" \/>\n<meta property=\"og:type\" content=\"article\" \/>\n<meta property=\"og:title\" content=\"Angebote &#8226; Lopez.pl\" \/>\n<meta property=\"og:description\" content=\"Die von uns angebotene Tischlerei aus Holz und PVC ist eine Garantie f\u00fcr hohe Qualit\u00e4t bei gleichzeitig attraktiven Preisen.\" \/>\n<meta property=\"og:url\" content=\"https:\/\/lopez.pl\/de\/angebote\/\" \/>\n<meta property=\"og:site_name\" content=\"Lopez.pl\" \/>\n<meta property=\"article:modified_time\" content=\"2023-03-27T11:56:04+00:00\" \/>\n<meta name=\"twitter:card\" content=\"summary_large_image\" \/>\n<meta name=\"twitter:label1\" content=\"Gesch\u00e4tzte Lesezeit\" \/>\n\t<meta name=\"twitter:data1\" content=\"8\u00a0Minuten\" \/>\n<script type=\"application\/ld+json\" class=\"yoast-schema-graph\">{\"@context\":\"https:\\\/\\\/schema.org\",\"@graph\":[{\"@type\":\"WebPage\",\"@id\":\"https:\\\/\\\/lopez.pl\\\/de\\\/angebote\\\/\",\"url\":\"https:\\\/\\\/lopez.pl\\\/de\\\/angebote\\\/\",\"name\":\"Angebote &#8226; Lopez.pl\",\"isPartOf\":{\"@id\":\"https:\\\/\\\/lopez.pl\\\/de\\\/#website\"},\"datePublished\":\"2017-11-23T09:01:39+00:00\",\"dateModified\":\"2023-03-27T11:56:04+00:00\",\"description\":\"Die von uns angebotene Tischlerei aus Holz und PVC ist eine Garantie f\u00fcr hohe Qualit\u00e4t bei gleichzeitig attraktiven Preisen.\",\"breadcrumb\":{\"@id\":\"https:\\\/\\\/lopez.pl\\\/de\\\/angebote\\\/#breadcrumb\"},\"inLanguage\":\"de\",\"potentialAction\":[{\"@type\":\"ReadAction\",\"target\":[\"https:\\\/\\\/lopez.pl\\\/de\\\/angebote\\\/\"]}]},{\"@type\":\"BreadcrumbList\",\"@id\":\"https:\\\/\\\/lopez.pl\\\/de\\\/angebote\\\/#breadcrumb\",\"itemListElement\":[{\"@type\":\"ListItem\",\"position\":1,\"name\":\"Strona g\u0142\u00f3wna\",\"item\":\"https:\\\/\\\/lopez.pl\\\/de\\\/lopez\\\/\"},{\"@type\":\"ListItem\",\"position\":2,\"name\":\"Angebote\"}]},{\"@type\":\"WebSite\",\"@id\":\"https:\\\/\\\/lopez.pl\\\/de\\\/#website\",\"url\":\"https:\\\/\\\/lopez.pl\\\/de\\\/\",\"name\":\"Lopez.pl\",\"description\":\"Stolarka okienna i drzwiowa\",\"potentialAction\":[{\"@type\":\"SearchAction\",\"target\":{\"@type\":\"EntryPoint\",\"urlTemplate\":\"https:\\\/\\\/lopez.pl\\\/de\\\/?s={search_term_string}\"},\"query-input\":{\"@type\":\"PropertyValueSpecification\",\"valueRequired\":true,\"valueName\":\"search_term_string\"}}],\"inLanguage\":\"de\"}]}<\/script>\n<!-- \/ Yoast SEO plugin. -->","yoast_head_json":{"title":"Angebote &#8226; Lopez.pl","description":"Die von uns angebotene Tischlerei aus Holz und PVC ist eine Garantie f\u00fcr hohe Qualit\u00e4t bei gleichzeitig attraktiven Preisen.","robots":{"index":"index","follow":"follow","max-snippet":"max-snippet:-1","max-image-preview":"max-image-preview:large","max-video-preview":"max-video-preview:-1"},"canonical":"https:\/\/lopez.pl\/de\/angebote\/","og_locale":"de_DE","og_type":"article","og_title":"Angebote &#8226; Lopez.pl","og_description":"Die von uns angebotene Tischlerei aus Holz und PVC ist eine Garantie f\u00fcr hohe Qualit\u00e4t bei gleichzeitig attraktiven Preisen.","og_url":"https:\/\/lopez.pl\/de\/angebote\/","og_site_name":"Lopez.pl","article_modified_time":"2023-03-27T11:56:04+00:00","twitter_card":"summary_large_image","twitter_misc":{"Gesch\u00e4tzte Lesezeit":"8\u00a0Minuten"},"schema":{"@context":"https:\/\/schema.org","@graph":[{"@type":"WebPage","@id":"https:\/\/lopez.pl\/de\/angebote\/","url":"https:\/\/lopez.pl\/de\/angebote\/","name":"Angebote &#8226; Lopez.pl","isPartOf":{"@id":"https:\/\/lopez.pl\/de\/#website"},"datePublished":"2017-11-23T09:01:39+00:00","dateModified":"2023-03-27T11:56:04+00:00","description":"Die von uns angebotene Tischlerei aus Holz und PVC ist eine Garantie f\u00fcr hohe Qualit\u00e4t bei gleichzeitig attraktiven Preisen.","breadcrumb":{"@id":"https:\/\/lopez.pl\/de\/angebote\/#breadcrumb"},"inLanguage":"de","potentialAction":[{"@type":"ReadAction","target":["https:\/\/lopez.pl\/de\/angebote\/"]}]},{"@type":"BreadcrumbList","@id":"https:\/\/lopez.pl\/de\/angebote\/#breadcrumb","itemListElement":[{"@type":"ListItem","position":1,"name":"Strona g\u0142\u00f3wna","item":"https:\/\/lopez.pl\/de\/lopez\/"},{"@type":"ListItem","position":2,"name":"Angebote"}]},{"@type":"WebSite","@id":"https:\/\/lopez.pl\/de\/#website","url":"https:\/\/lopez.pl\/de\/","name":"Lopez.pl","description":"Stolarka okienna i drzwiowa","potentialAction":[{"@type":"SearchAction","target":{"@type":"EntryPoint","urlTemplate":"https:\/\/lopez.pl\/de\/?s={search_term_string}"},"query-input":{"@type":"PropertyValueSpecification","valueRequired":true,"valueName":"search_term_string"}}],"inLanguage":"de"}]}},"_links":{"self":[{"href":"https:\/\/lopez.pl\/de\/wp-json\/wp\/v2\/pages\/1789","targetHints":{"allow":["GET"]}}],"collection":[{"href":"https:\/\/lopez.pl\/de\/wp-json\/wp\/v2\/pages"}],"about":[{"href":"https:\/\/lopez.pl\/de\/wp-json\/wp\/v2\/types\/page"}],"author":[{"embeddable":true,"href":"https:\/\/lopez.pl\/de\/wp-json\/wp\/v2\/users\/1"}],"replies":[{"embeddable":true,"href":"https:\/\/lopez.pl\/de\/wp-json\/wp\/v2\/comments?post=1789"}],"version-history":[{"count":5,"href":"https:\/\/lopez.pl\/de\/wp-json\/wp\/v2\/pages\/1789\/revisions"}],"predecessor-version":[{"id":2798,"href":"https:\/\/lopez.pl\/de\/wp-json\/wp\/v2\/pages\/1789\/revisions\/2798"}],"wp:attachment":[{"href":"https:\/\/lopez.pl\/de\/wp-json\/wp\/v2\/media?parent=1789"}],"curies":[{"name":"wp","href":"https:\/\/api.w.org\/{rel}","templated":true}]}}