{"id":1811,"date":"2017-11-23T10:09:41","date_gmt":"2017-11-23T09:09:41","guid":{"rendered":"http:\/\/lopez.chili.zgora.pl\/angebote\/pvc-fenster\/"},"modified":"2023-03-27T12:01:27","modified_gmt":"2023-03-27T10:01:27","slug":"pvc-fenster","status":"publish","type":"page","link":"https:\/\/lopez.pl\/de\/angebote\/pvc-fenster\/","title":{"rendered":"PVC Fens\u00adter"},"content":{"rendered":"<div class=\"wpb-content-wrapper\">[mk_page_section bg_position=&#8220;center center&#8220; bg_repeat=&#8220;no-repeat&#8220; bg_stretch=&#8220;true&#8220; min_height=&#8220;0&#8243; padding_top=&#8220;110&#8243; padding_bottom=&#8220;68&#8243; sidebar=&#8220;sidebar-1&#8243;][vc_column width=&#8220;1\/2&#8243;][mk_padding_divider size=&#8220;110&#8243;][mk_image src=&#8220;https:\/\/lopez.pl\/wp-content\/uploads\/bluevolution82.png&#8220; image_size=&#8220;full&#8220; margin_bottom=&#8220;42&#8243; pxs=&#8220;true&#8220; pxs_x=&#8220;0&#8243; pxs_y=&#8220;-100&#8243; pxs_z=&#8220;0&#8243;][\/vc_column][vc_column width=&#8220;1\/2&#8243;][mk_fancy_title tag_name=&#8220;h1&#8243; size=&#8220;42&#8243; font_weight=&#8220;bold&#8220; margin_bottom=&#8220;0&#8243; font_family=&#8220;none&#8220;]PVC Fens\u00adter[\/mk_fancy_title][vc_column_text margin_bottom=&#8220;20&#8243; css=&#8220;.vc_custom_1511862842057{margin-bottom: 0px !important;}&#8220;]<strong>Salamander bE 82<\/strong>[\/vc_column_text][vc_tabs style=&#8220;simple&#8220; responsive=&#8220;false&#8220;][vc_tab title=&#8220;System&#8220; tab_id=&#8220;1511429291-1-88&#8243;][vc_column_text css=&#8220;.vc_custom_1512734120666{margin-bottom: 0px !important;}&#8220;]\n<ul>\n<li><strong>Energieeffizienz<\/strong>\n<ul>\n<li>6-Kammer-Profile<\/li>\n<li>ein tiefer Einbau von Glasscheiben<\/li>\n<li>MD-System mit einer zus\u00e4tzlichen Mitteldichtung im Rahmen<\/li>\n<li>gro\u00dfe Au\u00dfenkammer<\/li>\n<li>W\u00e4rmedurchl\u00e4ssigkeitskoeffizient Uf* bis 1,0 W\/m\u00b2K (Version MD) Uf* bis 1,1 W\/m\u00b2K (Version AD)<\/li>\n<\/ul>\n<\/li>\n<li><strong>Schalld\u00e4mmung<\/strong><\/li>\n<li><strong>Sicherheit<\/strong><\/li>\n<li><strong>pflege- und reinigungsleicht<\/strong>\n<ul>\n<li>eine glatte Oberfl\u00e4che von Profilen, witterungsbest\u00e4ndig<\/li>\n<\/ul>\n<\/li>\n<\/ul>\n[\/vc_column_text][\/vc_tab][vc_tab title=&#8220;Scheiben&#8220; tab_id=&#8220;1511429291-2-15&#8243;][vc_column_text css=&#8220;.vc_custom_1512734171223{margin-bottom: 0px !important;}&#8220;]\n<ul>\n<li>M\u00f6glichkeit des Einsatzes von 2-Glasscheiben- und 3-Glasscheiben-Paketen, Pakete mit einer Breite von 24 mm bis 49 mm<\/li>\n<li>warme Rahmen CHROMATECH ULTRA in mehreren Farbvarianten<\/li>\n<li>emissionsarme Beschichtungen, die eine entsprechende W\u00e4rmed\u00e4mmung sicherstellen<\/li>\n<li>Pakete von einer erh\u00f6hten W\u00e4rmed\u00e4mmung, \u2013 Sicherheitsglas und Antieinbruchsgl\u00e4ser, geh\u00e4rtetes oder geklebtes Glas<\/li>\n<li>Verbindungen mit Reflex-Glasscheiben und Ornamenten,<\/li>\n<\/ul>\n[\/vc_column_text][\/vc_tab][vc_tab title=&#8220;Beschl\u00e4ge&#8220; tab_id=&#8220;1511432213812-2-10&#8243;][vc_column_text css=&#8220;.vc_custom_1512734238274{margin-bottom: 0px !important;}&#8220;]Das Fenster ohne Fensterbeschl\u00e4ge stellt lediglich einen verglasten Rahmen dar. Die Fensterbeschl\u00e4ge sind f\u00fcr das Schlie\u00dfen, \u00d6ffnen und Kippen vom Fenster verantwortlich. Sie k\u00f6nnen auch den Nutzungskomfort von Fenstern und ihre Sicherheit erh\u00f6hen.  <\/p>\n<p>Die Fensterbeschl\u00e4ge erlauben die Fenster speziell f\u00fcr Sie anzupassen!<\/p>\n<p>Lopez nutzt ausschlie\u00dflich renommierte Beschl\u00e4ge der Firma ROTO \u2013 des Spezialisten f\u00fcr Fenstertechnik.<\/p>\n<p>Im System <strong>SALAMANDER bE82<\/strong> k\u00f6nnen nachfolgende Komponenten eingesetzt werden:<\/p>\n<ul>\n<li>Antieinbruchs-Fensterbeschl\u00e4ge und Griffe mit einem Schl\u00fcssel<\/li>\n<li>Fensterbeschl\u00e4ge TILT FIRST als eine ideal erh\u00f6hte Sicherheit der Kinder<\/li>\n<li>Bremse in der Klinke zur Sperrung des aufgemachten Fl\u00fcgels<\/li>\n<li>mehrstufiges Fensterkippen<\/li>\n<li>Fensterbeschl\u00e4ge DESIGNIO \u2013 mit verdeckten Scharnieren<\/li>\n<li>und viel mehr<\/li>\n<\/ul>\n<p>Es gibt viele M\u00f6glichkeiten zur Auswahl. Fragen Sie bitte unsere Berater. Sie beraten Sie gern und passen unsere Produkte an Ihre Bed\u00fcrfnisse an![\/vc_column_text][\/vc_tab][vc_tab title=&#8220;Farben&#8220; tab_id=&#8220;1511432860469-3-0&#8243;][mk_gallery images=&#8220;179,180,181,182,183,184,185,186,187,188,189,190,191,192,193,194,195,196,197,198,199,200,201,202,203,204,205,206,207,208,209,210,211,212,213,214,215,216,217&#8243; column=&#8220;4&#8243; height=&#8220;142&#8243; hover_scenarios=&#8220;overlay_layer&#8220; item_spacing=&#8220;10&#8243;][\/vc_tab][\/vc_tabs][\/vc_column][\/mk_page_section][mk_page_section bg_color=&#8220;#f5f5f5&#8243; bg_position=&#8220;center center&#8220; bg_repeat=&#8220;no-repeat&#8220; bg_stretch=&#8220;true&#8220; min_height=&#8220;0&#8243; padding_top=&#8220;110&#8243; padding_bottom=&#8220;68&#8243; sidebar=&#8220;sidebar-1&#8243;][vc_column][vc_row_inner][vc_column_inner width=&#8220;1\/2&#8243;][vc_column_text margin_bottom=&#8220;20&#8243; css=&#8220;.vc_custom_1512737360576{margin-bottom: 0px !important;}&#8220;]Die von uns angebotenen PVC-Fenster bestehen aus bleilosen Profilen:<\/p>\n<ul>\n<li><strong>Avantgarde 7000<\/strong> (5-Kammern)<\/li>\n<li><strong>Avantgarde 9000<\/strong> (5-Kammern)<\/li>\n<li><strong>Avantgarde Premium HS<\/strong> (6-Kammern)<\/li>\n<li><strong>OVLO<\/strong> (6-Kammern, 80 mm breit)<\/li>\n<li><strong>OVLO<\/strong> <strong>Classic<\/strong> (6-Kammern, 80 mm breit)<\/li>\n<\/ul>\n[\/vc_column_text][vc_column_text margin_bottom=&#8220;20&#8243; css=&#8220;.vc_custom_1512734333115{margin-bottom: 0px !important;}&#8220;]Wir bieten auch Fenster f\u00fcr Passivh\u00e4user an:<\/p>\n<ul>\n<li><strong>Encore<\/strong> \u2013 mit w\u00e4rmeisolierenden Eins\u00e4tzen mit einem W\u00e4rmedurchgangskoeffizienten Uw=0,77 W\/m\u00b2K<\/li>\n<li><strong>Prime<\/strong> \u2013 (7-Kammern) Uw=0,76 W\/m\u00b2K<\/li>\n<\/ul>\n[\/vc_column_text][\/vc_column_inner][vc_column_inner width=&#8220;1\/2&#8243;][vc_column_text margin_bottom=&#8220;20&#8243; css=&#8220;.vc_custom_1512737381344{margin-bottom: 0px !important;}&#8220;]Alle Fenster sind mit hochwertigen Beschl\u00e4gen der deutschen Firma WINKHAUS oder ROTO ausgestattet.<\/p>\n<p>Isolierglas Typ: Thermofloat, mit einem W\u00e4rme\u00fcbergangskoeffizienten Ug=1,1 W\/m\u00b2K (4\/16A\/4) oder Zweikammern Ug=0,5 W\/m\u00b2K (4\/18A\/4\/18A\/4) einbruchhemmend, sicher, reflektierend, mit Sprossen nach den individuellen W\u00fcnschen des Kunden.<\/p>\n<p>Die Fenster sind in verschiedenen Farben erh\u00e4ltlich (wei\u00df oder furniert: goldene Eiche, Mahagoni, Sumpfeiche, schokoladenbraun, Nussbaum, Anthrazit, grau) und Formen (B\u00f6gen, rund, Trapeze, Schr\u00e4gen).<\/p>\n<p>Wir bieten auch Fenster f\u00fcr historische Geb\u00e4ude.<\/p>\n<p>Wir bieten eine 2-j\u00e4hrige Garantie f\u00fcr PVC-Fenster.[\/vc_column_text][\/vc_column_inner][\/vc_row_inner][mk_padding_divider size=&#8220;42&#8243;][mk_gallery images=&#8220;890,893,892,891,898,897,894,889,896,895&#8243; column=&#8220;6&#8243; image_size=&#8220;full&#8220; hover_scenarios=&#8220;overlay_layer&#8220; item_spacing=&#8220;15&#8243; orderby=&#8220;post__in&#8220;][\/vc_column][\/mk_page_section]\n<\/div>","protected":false},"excerpt":{"rendered":"<p>[mk_page_section bg_position=&#8220;center center&#8220; bg_repeat=&#8220;no-repeat&#8220; bg_stretch=&#8220;true&#8220; min_height=&#8220;0&#8243; padding_top=&#8220;110&#8243; padding_bottom=&#8220;68&#8243; sidebar=&#8220;sidebar-1&#8243;][vc_column width=&#8220;1\/2&#8243;][mk_padding_divider size=&#8220;110&#8243;][mk_image src=&#8220;https:\/\/lopez.pl\/wp-content\/uploads\/bluevolution82.png&#8220; image_size=&#8220;full&#8220; margin_bottom=&#8220;42&#8243; pxs=&#8220;true&#8220; pxs_x=&#8220;0&#8243; pxs_y=&#8220;-100&#8243; pxs_z=&#8220;0&#8243;][\/vc_column][vc_column width=&#8220;1\/2&#8243;][mk_fancy_title tag_name=&#8220;h1&#8243; size=&#8220;42&#8243; font_weight=&#8220;bold&#8220; margin_bottom=&#8220;0&#8243; font_family=&#8220;none&#8220;]PVC Fens\u00adter[\/mk_fancy_title][vc_column_text margin_bottom=&#8220;20&#8243; css=&#8220;.vc_custom_1511862842057{margin-bottom: 0px !important;}&#8220;]Salamander bE 82[\/vc_column_text][vc_tabs style=&#8220;simple&#8220; responsive=&#8220;false&#8220;][vc_tab title=&#8220;System&#8220; tab_id=&#8220;1511429291-1-88&#8243;][vc_column_text css=&#8220;.vc_custom_1512734120666{margin-bottom: 0px !important;}&#8220;] Energieeffizienz 6-Kammer-Profile ein tiefer Einbau von Glasscheiben MD-System mit einer zus\u00e4tzlichen Mitteldichtung im Rahmen gro\u00dfe Au\u00dfenkammer W\u00e4rmedurchl\u00e4ssigkeitskoeffizient [&hellip;]<\/p>\n","protected":false},"author":1,"featured_media":0,"parent":1789,"menu_order":31,"comment_status":"closed","ping_status":"closed","template":"","meta":{"inline_featured_image":false,"footnotes":""},"class_list":["post-1811","page","type-page","status-publish","hentry"],"yoast_head":"<!-- This site is optimized with the Yoast SEO plugin v27.4 - https:\/\/yoast.com\/product\/yoast-seo-wordpress\/ -->\n<title>PVC Fens\u00adter &#8226; Lopez.pl<\/title>\n<meta name=\"description\" content=\"Die von uns angebotenen PVC-Fenster werden aus bleifreien Profilen hergestellt. Wir bieten auch Fenster f\u00fcr Passivh\u00e4user an.\" \/>\n<meta name=\"robots\" content=\"index, follow, max-snippet:-1, max-image-preview:large, max-video-preview:-1\" \/>\n<link rel=\"canonical\" href=\"https:\/\/lopez.pl\/de\/angebote\/pvc-fenster\/\" \/>\n<meta property=\"og:locale\" content=\"de_DE\" \/>\n<meta property=\"og:type\" content=\"article\" \/>\n<meta property=\"og:title\" content=\"PVC Fens\u00adter &#8226; Lopez.pl\" \/>\n<meta property=\"og:description\" content=\"Die von uns angebotenen PVC-Fenster werden aus bleifreien Profilen hergestellt. Wir bieten auch Fenster f\u00fcr Passivh\u00e4user an.\" \/>\n<meta property=\"og:url\" content=\"https:\/\/lopez.pl\/de\/angebote\/pvc-fenster\/\" \/>\n<meta property=\"og:site_name\" content=\"Lopez.pl\" \/>\n<meta property=\"article:modified_time\" content=\"2023-03-27T10:01:27+00:00\" \/>\n<meta name=\"twitter:card\" content=\"summary_large_image\" \/>\n<meta name=\"twitter:label1\" content=\"Gesch\u00e4tzte Lesezeit\" \/>\n\t<meta name=\"twitter:data1\" content=\"4\u00a0Minuten\" \/>\n<script type=\"application\/ld+json\" class=\"yoast-schema-graph\">{\"@context\":\"https:\\\/\\\/schema.org\",\"@graph\":[{\"@type\":\"WebPage\",\"@id\":\"https:\\\/\\\/lopez.pl\\\/de\\\/angebote\\\/pvc-fenster\\\/\",\"url\":\"https:\\\/\\\/lopez.pl\\\/de\\\/angebote\\\/pvc-fenster\\\/\",\"name\":\"PVC Fens\u00adter &#8226; Lopez.pl\",\"isPartOf\":{\"@id\":\"https:\\\/\\\/lopez.pl\\\/de\\\/#website\"},\"datePublished\":\"2017-11-23T09:09:41+00:00\",\"dateModified\":\"2023-03-27T10:01:27+00:00\",\"description\":\"Die von uns angebotenen PVC-Fenster werden aus bleifreien Profilen hergestellt. Wir bieten auch Fenster f\u00fcr Passivh\u00e4user an.\",\"breadcrumb\":{\"@id\":\"https:\\\/\\\/lopez.pl\\\/de\\\/angebote\\\/pvc-fenster\\\/#breadcrumb\"},\"inLanguage\":\"de\",\"potentialAction\":[{\"@type\":\"ReadAction\",\"target\":[\"https:\\\/\\\/lopez.pl\\\/de\\\/angebote\\\/pvc-fenster\\\/\"]}]},{\"@type\":\"BreadcrumbList\",\"@id\":\"https:\\\/\\\/lopez.pl\\\/de\\\/angebote\\\/pvc-fenster\\\/#breadcrumb\",\"itemListElement\":[{\"@type\":\"ListItem\",\"position\":1,\"name\":\"Strona g\u0142\u00f3wna\",\"item\":\"https:\\\/\\\/lopez.pl\\\/de\\\/lopez\\\/\"},{\"@type\":\"ListItem\",\"position\":2,\"name\":\"Angebote\",\"item\":\"https:\\\/\\\/lopez.pl\\\/de\\\/angebote\\\/\"},{\"@type\":\"ListItem\",\"position\":3,\"name\":\"PVC Fens\u00adter\"}]},{\"@type\":\"WebSite\",\"@id\":\"https:\\\/\\\/lopez.pl\\\/de\\\/#website\",\"url\":\"https:\\\/\\\/lopez.pl\\\/de\\\/\",\"name\":\"Lopez.pl\",\"description\":\"Stolarka okienna i drzwiowa\",\"potentialAction\":[{\"@type\":\"SearchAction\",\"target\":{\"@type\":\"EntryPoint\",\"urlTemplate\":\"https:\\\/\\\/lopez.pl\\\/de\\\/?s={search_term_string}\"},\"query-input\":{\"@type\":\"PropertyValueSpecification\",\"valueRequired\":true,\"valueName\":\"search_term_string\"}}],\"inLanguage\":\"de\"}]}<\/script>\n<!-- \/ Yoast SEO plugin. -->","yoast_head_json":{"title":"PVC Fens\u00adter &#8226; Lopez.pl","description":"Die von uns angebotenen PVC-Fenster werden aus bleifreien Profilen hergestellt. Wir bieten auch Fenster f\u00fcr Passivh\u00e4user an.","robots":{"index":"index","follow":"follow","max-snippet":"max-snippet:-1","max-image-preview":"max-image-preview:large","max-video-preview":"max-video-preview:-1"},"canonical":"https:\/\/lopez.pl\/de\/angebote\/pvc-fenster\/","og_locale":"de_DE","og_type":"article","og_title":"PVC Fens\u00adter &#8226; Lopez.pl","og_description":"Die von uns angebotenen PVC-Fenster werden aus bleifreien Profilen hergestellt. Wir bieten auch Fenster f\u00fcr Passivh\u00e4user an.","og_url":"https:\/\/lopez.pl\/de\/angebote\/pvc-fenster\/","og_site_name":"Lopez.pl","article_modified_time":"2023-03-27T10:01:27+00:00","twitter_card":"summary_large_image","twitter_misc":{"Gesch\u00e4tzte Lesezeit":"4\u00a0Minuten"},"schema":{"@context":"https:\/\/schema.org","@graph":[{"@type":"WebPage","@id":"https:\/\/lopez.pl\/de\/angebote\/pvc-fenster\/","url":"https:\/\/lopez.pl\/de\/angebote\/pvc-fenster\/","name":"PVC Fens\u00adter &#8226; Lopez.pl","isPartOf":{"@id":"https:\/\/lopez.pl\/de\/#website"},"datePublished":"2017-11-23T09:09:41+00:00","dateModified":"2023-03-27T10:01:27+00:00","description":"Die von uns angebotenen PVC-Fenster werden aus bleifreien Profilen hergestellt. Wir bieten auch Fenster f\u00fcr Passivh\u00e4user an.","breadcrumb":{"@id":"https:\/\/lopez.pl\/de\/angebote\/pvc-fenster\/#breadcrumb"},"inLanguage":"de","potentialAction":[{"@type":"ReadAction","target":["https:\/\/lopez.pl\/de\/angebote\/pvc-fenster\/"]}]},{"@type":"BreadcrumbList","@id":"https:\/\/lopez.pl\/de\/angebote\/pvc-fenster\/#breadcrumb","itemListElement":[{"@type":"ListItem","position":1,"name":"Strona g\u0142\u00f3wna","item":"https:\/\/lopez.pl\/de\/lopez\/"},{"@type":"ListItem","position":2,"name":"Angebote","item":"https:\/\/lopez.pl\/de\/angebote\/"},{"@type":"ListItem","position":3,"name":"PVC Fens\u00adter"}]},{"@type":"WebSite","@id":"https:\/\/lopez.pl\/de\/#website","url":"https:\/\/lopez.pl\/de\/","name":"Lopez.pl","description":"Stolarka okienna i drzwiowa","potentialAction":[{"@type":"SearchAction","target":{"@type":"EntryPoint","urlTemplate":"https:\/\/lopez.pl\/de\/?s={search_term_string}"},"query-input":{"@type":"PropertyValueSpecification","valueRequired":true,"valueName":"search_term_string"}}],"inLanguage":"de"}]}},"_links":{"self":[{"href":"https:\/\/lopez.pl\/de\/wp-json\/wp\/v2\/pages\/1811","targetHints":{"allow":["GET"]}}],"collection":[{"href":"https:\/\/lopez.pl\/de\/wp-json\/wp\/v2\/pages"}],"about":[{"href":"https:\/\/lopez.pl\/de\/wp-json\/wp\/v2\/types\/page"}],"author":[{"embeddable":true,"href":"https:\/\/lopez.pl\/de\/wp-json\/wp\/v2\/users\/1"}],"replies":[{"embeddable":true,"href":"https:\/\/lopez.pl\/de\/wp-json\/wp\/v2\/comments?post=1811"}],"version-history":[{"count":5,"href":"https:\/\/lopez.pl\/de\/wp-json\/wp\/v2\/pages\/1811\/revisions"}],"predecessor-version":[{"id":2693,"href":"https:\/\/lopez.pl\/de\/wp-json\/wp\/v2\/pages\/1811\/revisions\/2693"}],"up":[{"embeddable":true,"href":"https:\/\/lopez.pl\/de\/wp-json\/wp\/v2\/pages\/1789"}],"wp:attachment":[{"href":"https:\/\/lopez.pl\/de\/wp-json\/wp\/v2\/media?parent=1811"}],"curies":[{"name":"wp","href":"https:\/\/api.w.org\/{rel}","templated":true}]}}