{"id":1829,"date":"2017-11-23T10:10:05","date_gmt":"2017-11-23T09:10:05","guid":{"rendered":"http:\/\/lopez.chili.zgora.pl\/angebote\/holzfenster\/"},"modified":"2023-03-27T12:36:00","modified_gmt":"2023-03-27T10:36:00","slug":"holzfenster","status":"publish","type":"page","link":"https:\/\/lopez.pl\/de\/angebote\/holzfenster\/","title":{"rendered":"Holz Fenster"},"content":{"rendered":"[mk_page_section bg_position=&#8220;center center&#8220; bg_repeat=&#8220;no-repeat&#8220; bg_stretch=&#8220;true&#8220; min_height=&#8220;0&#8243; padding_top=&#8220;110&#8243; padding_bottom=&#8220;68&#8243; sidebar=&#8220;sidebar-1&#8243;][vc_column width=&#8220;1\/2&#8243;][mk_padding_divider size=&#8220;110&#8243;][mk_image src=&#8220;https:\/\/lopez.pl\/wp-content\/uploads\/iv68.jpg&#8220; image_size=&#8220;full&#8220; margin_bottom=&#8220;42&#8243; pxs=&#8220;true&#8220; pxs_x=&#8220;0&#8243; pxs_y=&#8220;-100&#8243; pxs_z=&#8220;0&#8243;][\/vc_column][vc_column width=&#8220;1\/2&#8243;][mk_fancy_title tag_name=&#8220;h1&#8243; size=&#8220;42&#8243; font_weight=&#8220;bold&#8220; margin_bottom=&#8220;0&#8243; font_family=&#8220;none&#8220;]Holz Fenster[\/mk_fancy_title][vc_column_text margin_bottom=&#8220;20&#8243; css=&#8220;.vc_custom_1512736304201{margin-bottom: 0px !important;}&#8220;]<strong>IV 68<\/strong>[\/vc_column_text][vc_tabs style=&#8220;simple&#8220; responsive=&#8220;false&#8220;][vc_tab title=&#8220;System&#8220; tab_id=&#8220;1511429291-1-88&#8243;][vc_column_text css=&#8220;.vc_custom_1512735850705{margin-bottom: 0px !important;}&#8220;]\n<ul>\n<li><strong>Energieeffizienz<\/strong>\n<ul>\n<li>Dicke der Profile 68 \u2013 nach Kundenwunsch ausgew\u00e4hlt<\/li>\n<li>zus\u00e4tzliche 2 Dichtungen um den gesamten Umfang (H\u00fcllendichtung und zus\u00e4tzliche Dichtung) ger\u00e4uscharm<\/li>\n<\/ul>\n<\/li>\n<li><strong>Schalld\u00e4mmung<\/strong>\n<ul>\n<li>zus\u00e4tzliche 2 Dichtungen um den gesamten Umfang (H\u00fcllendichtung und zus\u00e4tzliche Dichtung) ger\u00e4uscharm<\/li>\n<\/ul>\n<\/li>\n<li><strong>Sicherheit<\/strong>\n<ul>\n<li>Einbruchsschutz bis zur Klasse RC2 (f\u00fcr das Fenster IV 68)<\/li>\n<\/ul>\n<\/li>\n<li><strong>Witterungsschutz<\/strong>\n<ul>\n<li>Aluminium-Wetterschenkel<\/li>\n<li>Aluminium-Abschirmprofil des Fl\u00fcgels<\/li>\n<\/ul>\n<\/li>\n<li><strong>\u00c4sthetik<\/strong>\n<ul>\n<li>einmaliges Klima von Holz im Innenraum; die Fenster k\u00f6nnen mit wasserverd\u00fcnnbaren Lacken unter Erhaltung des nat\u00fcrlichen Holzbildes gestrichen werden<\/li>\n<li>die M\u00f6glichkeit der Verwendung von 4 Arten von Sprossen: Konstruktionsprossen, geklebte, angewendet, zwischen den Scheiben<\/li>\n<\/ul>\n<\/li>\n<\/ul>\n[\/vc_column_text][\/vc_tab][vc_tab title=&#8220;Scheiben&#8220; tab_id=&#8220;1511429291-2-15&#8243;][vc_column_text css=&#8220;.vc_custom_1512735882724{margin-bottom: 0px !important;}&#8220;]\n<ul>\n<li>die M\u00f6glichkeit des Einsatzes von 2-Glasscheiben- und 3-Glasscheiben-Paketen, die Pakete mit einer Breite von 24mm bis 32mm,<\/li>\n<li>warme Rahmen CHROMATECH ULTRA in mehreren Farbvarianten<\/li>\n<li>emissionsarme Beschichtungen, die eine entsprechende W\u00e4rmed\u00e4mmung sicherstellen<\/li>\n<li>Pakete von einer erh\u00f6hten W\u00e4rmed\u00e4mmung, \u2013 Sicherheitsglas und Antieinbruchsgl\u00e4ser, geh\u00e4rtetes oder geklebtes Glas<\/li>\n<li>Verbindungen mit Reflex-Glasscheiben und Ornamenten,<\/li>\n<\/ul>\n[\/vc_column_text][\/vc_tab][vc_tab title=&#8220;Beschl\u00e4ge&#8220; tab_id=&#8220;1511432213812-2-10&#8243;][vc_column_text css=&#8220;.vc_custom_1512736413535{margin-bottom: 0px !important;}&#8220;]Das Fenster ohne Fensterbeschl\u00e4ge stellt lediglich einen verglasten Rahmen dar. Die Fensterbeschl\u00e4ge sind f\u00fcr das Schlie\u00dfen, \u00d6ffnen und Kippen vom Fenster verantwortlich. Sie k\u00f6nnen auch den Nutzungskomfort von Fenstern und ihre Sicherheit erh\u00f6hen.  <\/p>\n<p>Die Fensterbeschl\u00e4ge erlauben die Fenster speziell f\u00fcr Sie anzupassen!<\/p>\n<p>Lopez nutzt ausschlie\u00dflich renommierte Beschl\u00e4ge der Firma ROTO \u2013 des Spezialisten f\u00fcr Fenstertechnik.<\/p>\n<p>Im System <strong>IV 68<\/strong> k\u00f6nnen nachfolgende Komponenten eingesetzt werden:<\/p>\n<ul>\n<li>Antieinbruchs-Fensterbeschl\u00e4ge und Griffe mit einem Schl\u00fcssel<\/li>\n<li>Fensterbeschl\u00e4ge TILT FIRST als eine ideal erh\u00f6hte Sicherheit der Kinder<\/li>\n<li>Bremse in der Klinke zur Sperrung des aufgemachten Fl\u00fcgels<\/li>\n<li>mehrstufiges Fensterkippen<\/li>\n<li>Fensterbeschl\u00e4ge DESIGNIO \u2013 mit verdeckten Scharnieren<\/li>\n<li>und viel mehr<\/li>\n<\/ul>\n<p>Es gibt viele M\u00f6glichkeiten zur Auswahl. Fragen Sie bitte unsere Berater. Sie beraten Sie gern und passen unsere Produkte an Ihre Bed\u00fcrfnisse an![\/vc_column_text][\/vc_tab][vc_tab title=&#8220;Kiefer Farbe&#8220; tab_id=&#8220;1511432860469-3-0&#8243;][mk_gallery images=&#8220;221,222,223,224,225,226,227,228,229,230&#8243; column=&#8220;4&#8243; height=&#8220;142&#8243; hover_scenarios=&#8220;overlay_layer&#8220; item_spacing=&#8220;10&#8243;][\/vc_tab][vc_tab title=&#8220;Meranti Farbe&#8220; tab_id=&#8220;1511438180656-4-8&#8243;][mk_gallery images=&#8220;231,232,233,234,235,236,237,238,239,240&#8243; column=&#8220;4&#8243; height=&#8220;142&#8243; hover_scenarios=&#8220;overlay_layer&#8220; item_spacing=&#8220;10&#8243;][\/vc_tab][\/vc_tabs][\/vc_column][\/mk_page_section][mk_page_section bg_position=&#8220;center center&#8220; bg_repeat=&#8220;no-repeat&#8220; bg_stretch=&#8220;true&#8220; min_height=&#8220;0&#8243; padding_top=&#8220;0&#8243; padding_bottom=&#8220;68&#8243; sidebar=&#8220;sidebar-1&#8243;][vc_column width=&#8220;1\/2&#8243;][mk_fancy_title size=&#8220;42&#8243; font_weight=&#8220;bold&#8220; margin_bottom=&#8220;0&#8243; font_family=&#8220;none&#8220;]Holz Fenster[\/mk_fancy_title][vc_column_text margin_bottom=&#8220;20&#8243; css=&#8220;.vc_custom_1512736312838{margin-bottom: 0px !important;}&#8220;]<strong>IV 78<\/strong>[\/vc_column_text][vc_tabs style=&#8220;simple&#8220; responsive=&#8220;false&#8220;][vc_tab title=&#8220;System&#8220; tab_id=&#8220;1511429291-1-88&#8243;][vc_column_text css=&#8220;.vc_custom_1512736010205{margin-bottom: 0px !important;}&#8220;]\n<ul>\n<li><strong>Energieeffizienz<\/strong>\n<ul>\n<li>die Dicke der Profile 78 \u2013 auf Wunsch des Kunden gew\u00e4hlt<\/li>\n<li>zus\u00e4tzliche 2 Dichtungen um den gesamten Umfang (H\u00fcllendichtung und zus\u00e4tzliche Dichtung) ger\u00e4uscharm<\/li>\n<\/ul>\n<\/li>\n<li><strong>Schalld\u00e4mmung<\/strong>\n<ul>\n<li>zus\u00e4tzliche 2 Dichtungen um den gesamten Umfang (H\u00fcllendichtung und zus\u00e4tzliche Dichtung) ger\u00e4uscharm<\/li>\n<\/ul>\n<\/li>\n<li><strong>Sicherheit<\/strong><\/li>\n<li><strong>Witterungsschutz<\/strong>\n<ul>\n<li>Aluminium-Wetterschenkel<\/li>\n<li>Aluminium-Abschirmprofil des Fl\u00fcgels<\/li>\n<\/ul>\n<\/li>\n<li><strong>\u00c4sthetik<\/strong>\n<ul>\n<li>einmaliges Klima von Holz im Innenraum; die Fenster von Lopez k\u00f6nnen mit wasserverd\u00fcnnbaren Lacken unter Erhaltung des nat\u00fcrlichen Holzbildes gestrichen werden<\/li>\n<li>die M\u00f6glichkeit der Verwendung von 4 Arten von Sprossen: Konstruktionsprossen, geklebte, angewendet, zwischen den Scheiben<\/li>\n<\/ul>\n<\/li>\n<\/ul>\n[\/vc_column_text][\/vc_tab][vc_tab title=&#8220;Scheiben&#8220; tab_id=&#8220;1511429291-2-15&#8243;][vc_column_text css=&#8220;.vc_custom_1512736027092{margin-bottom: 0px !important;}&#8220;]\n<ul>\n<li>die M\u00f6glichkeit des Einsatzes von 2-Glasscheiben- und 3-Glasscheiben-Paketen, die Pakete mit einer Breite von 34 mm bis 42 mm,<\/li>\n<li>warme Rahmen CHROMATECH ULTRA in mehreren Farbvarianten<\/li>\n<li>emissionsarme Beschichtungen, die eine entsprechende W\u00e4rmed\u00e4mmung sicherstellen<\/li>\n<li>Pakete von einer erh\u00f6hten W\u00e4rmed\u00e4mmung, \u2013 Sicherheitsglas und Antieinbruchsgl\u00e4ser, geh\u00e4rtetes oder geklebtes Glas<\/li>\n<li>Verbindungen mit Reflex-Glasscheiben und Ornamenten,<\/li>\n<\/ul>\n[\/vc_column_text][\/vc_tab][vc_tab title=&#8220;Beschl\u00e4ge&#8220; tab_id=&#8220;1511432213812-2-10&#8243;][vc_column_text css=&#8220;.vc_custom_1512736428947{margin-bottom: 0px !important;}&#8220;]Das Fenster ohne Fensterbeschl\u00e4ge stellt lediglich einen verglasten Rahmen dar. Die Fensterbeschl\u00e4ge sind f\u00fcr das Schlie\u00dfen, \u00d6ffnen und Kippen vom Fenster verantwortlich. Sie k\u00f6nnen auch den Nutzungskomfort von Fenstern und ihre Sicherheit erh\u00f6hen.  <\/p>\n<p>Die Fensterbeschl\u00e4ge erlauben die Fenster speziell f\u00fcr Sie anzupassen!<\/p>\n<p>Lopez nutzt ausschlie\u00dflich renommierte Beschl\u00e4ge der Firma ROTO \u2013 des Spezialisten f\u00fcr Fenstertechnik.<\/p>\n<p>Im System <strong>IV 78<\/strong> k\u00f6nnen nachfolgende Komponenten eingesetzt werden:<\/p>\n<ul>\n<li>Antieinbruchs-Fensterbeschl\u00e4ge und Griffe mit einem Schl\u00fcssel<\/li>\n<li>Fensterbeschl\u00e4ge TILT FIRST als eine ideal erh\u00f6hte Sicherheit der Kinder<\/li>\n<li>Bremse in der Klinke zur Sperrung des aufgemachten Fl\u00fcgels<\/li>\n<li>mehrstufiges Fensterkippen<\/li>\n<li>Fensterbeschl\u00e4ge DESIGNIO \u2013 mit verdeckten Scharnieren<\/li>\n<li>und viel mehr<\/li>\n<\/ul>\n<p>Es gibt viele M\u00f6glichkeiten zur Auswahl. Fragen Sie bitte unsere Berater. Sie beraten Sie gern und passen unsere Produkte an Ihre Bed\u00fcrfnisse an![\/vc_column_text][\/vc_tab][vc_tab title=&#8220;Kiefer Farbe&#8220; tab_id=&#8220;1511432860469-3-0&#8243;][mk_gallery images=&#8220;221,222,223,224,225,226,227,228,229,230&#8243; column=&#8220;4&#8243; height=&#8220;142&#8243; hover_scenarios=&#8220;overlay_layer&#8220; item_spacing=&#8220;10&#8243;][\/vc_tab][vc_tab title=&#8220;Meranti Farbe&#8220; tab_id=&#8220;1511438180656-4-8&#8243;][mk_gallery images=&#8220;231,232,233,234,235,236,237,238,239,240&#8243; column=&#8220;4&#8243; height=&#8220;142&#8243; hover_scenarios=&#8220;overlay_layer&#8220; item_spacing=&#8220;10&#8243;][\/vc_tab][\/vc_tabs][\/vc_column][vc_column width=&#8220;1\/2&#8243;][mk_padding_divider size=&#8220;110&#8243;][mk_image src=&#8220;https:\/\/lopez.pl\/wp-content\/uploads\/iv78.jpg&#8220; image_size=&#8220;full&#8220; align=&#8220;right&#8220; margin_bottom=&#8220;42&#8243; pxs=&#8220;true&#8220; pxs_x=&#8220;0&#8243; pxs_y=&#8220;-100&#8243; pxs_z=&#8220;0&#8243;][\/vc_column][\/mk_page_section][mk_page_section bg_position=&#8220;center center&#8220; bg_repeat=&#8220;no-repeat&#8220; bg_stretch=&#8220;true&#8220; min_height=&#8220;0&#8243; padding_top=&#8220;0&#8243; padding_bottom=&#8220;68&#8243; sidebar=&#8220;sidebar-1&#8243;][vc_column width=&#8220;1\/2&#8243;][mk_padding_divider size=&#8220;110&#8243;][mk_image src=&#8220;https:\/\/lopez.pl\/wp-content\/uploads\/iv92.jpg&#8220; image_size=&#8220;full&#8220; margin_bottom=&#8220;42&#8243; pxs=&#8220;true&#8220; pxs_x=&#8220;0&#8243; pxs_y=&#8220;-100&#8243; pxs_z=&#8220;0&#8243;][\/vc_column][vc_column width=&#8220;1\/2&#8243;][mk_fancy_title size=&#8220;42&#8243; font_weight=&#8220;bold&#8220; margin_bottom=&#8220;0&#8243; font_family=&#8220;none&#8220;]Holz Fenster[\/mk_fancy_title][vc_column_text margin_bottom=&#8220;20&#8243; css=&#8220;.vc_custom_1514973601022{margin-bottom: 0px !important;}&#8220;]<strong>IV 92<\/strong>[\/vc_column_text][vc_tabs style=&#8220;simple&#8220; responsive=&#8220;false&#8220;][vc_tab title=&#8220;System&#8220; tab_id=&#8220;1511429291-1-88&#8243;][vc_column_text css=&#8220;.vc_custom_1512736128693{margin-bottom: 0px !important;}&#8220;]\n<ul>\n<li><strong>Energieeffizienz<\/strong>\n<ul>\n<li>die Dicke der Profile 92 \u2013 nach Wunsch des Kunden gew\u00e4hlt<\/li>\n<li>das Design erm\u00f6glicht die Verwendung von energiesparenden Verglasung<\/li>\n<li>zus\u00e4tzliche 2 Dichtungen um den gesamten Umfang (H\u00fcllendichtung und zus\u00e4tzliche Dichtung) ger\u00e4uscharm<\/li>\n<\/ul>\n<\/li>\n<li><strong>Schalld\u00e4mmung<\/strong>\n<ul>\n<li>zus\u00e4tzliche 2 Dichtungen um den gesamten Umfang (H\u00fcllendichtung und zus\u00e4tzliche Dichtung) ger\u00e4uscharm<\/li>\n<\/ul>\n<\/li>\n<li><strong>Sicherheit<\/strong><\/li>\n<li><strong>Witterungsschutz<\/strong>\n<ul>\n<li>Aluminium-Wetterschenkel<\/li>\n<li>Aluminium-Abschirmprofil des Fl\u00fcgels<\/li>\n<\/ul>\n<\/li>\n<li><strong>\u00c4sthetik<\/strong>\n<ul>\n<li>einmaliges Klima von Holz im Innenraum; die Fenster von Lopez k\u00f6nnen mit wasserverd\u00fcnnbaren Lacken unter Erhaltung des nat\u00fcrlichen Holzbildes gestrichen werden<\/li>\n<li>die M\u00f6glichkeit der Verwendung von 4 Arten von Sprossen: Konstruktionsprossen, geklebte, angewendet, zwischen den Scheiben<\/li>\n<\/ul>\n<\/li>\n<\/ul>\n[\/vc_column_text][\/vc_tab][vc_tab title=&#8220;Scheiben&#8220; tab_id=&#8220;1511429291-2-15&#8243;][vc_column_text css=&#8220;.vc_custom_1512736170262{margin-bottom: 0px !important;}&#8220;]\n<ul>\n<li>M\u00f6glichkeit des Einsatzes von 2-Glasscheiben- und 3-Glasscheiben-Paketen, Pakete mit einer Breite von 48 mm bis 56 mm,<\/li>\n<li>warme Rahmen CHROMATECH ULTRA in mehreren Farbvarianten<\/li>\n<li>emissionsarme Beschichtungen, die eine entsprechende W\u00e4rmed\u00e4mmung sicherstellen<\/li>\n<li>Pakete von einer erh\u00f6hten W\u00e4rmed\u00e4mmung, \u2013 Sicherheitsglas und Antieinbruchsgl\u00e4ser, geh\u00e4rtetes oder geklebtes Glas<\/li>\n<li>Verbindungen mit Reflex-Glasscheiben und Ornamenten,<\/li>\n<\/ul>\n[\/vc_column_text][\/vc_tab][vc_tab title=&#8220;Beschl\u00e4ge&#8220; tab_id=&#8220;1511432213812-2-10&#8243;][vc_column_text css=&#8220;.vc_custom_1512736442473{margin-bottom: 0px !important;}&#8220;]Das Fenster ohne Fensterbeschl\u00e4ge stellt lediglich einen verglasten Rahmen dar. Die Fensterbeschl\u00e4ge sind f\u00fcr das Schlie\u00dfen, \u00d6ffnen und Kippen vom Fenster verantwortlich. Sie k\u00f6nnen auch den Nutzungskomfort von Fenstern und ihre Sicherheit erh\u00f6hen.  <\/p>\n<p>Die Fensterbeschl\u00e4ge erlauben die Fenster speziell f\u00fcr Sie anzupassen!<\/p>\n<p>Lopez nutzt ausschlie\u00dflich renommierte Beschl\u00e4ge der Firma ROTO \u2013 des Spezialisten f\u00fcr Fenstertechnik.<\/p>\n<p>Im System <strong>IV 92<\/strong> k\u00f6nnen nachfolgende Komponenten eingesetzt werden:<\/p>\n<ul>\n<li>Antieinbruchs-Fensterbeschl\u00e4ge und Griffe mit einem Schl\u00fcssel<\/li>\n<li>Fensterbeschl\u00e4ge TILT FIRST als eine ideal erh\u00f6hte Sicherheit der Kinder<\/li>\n<li>Bremse in der Klinke zur Sperrung des aufgemachten Fl\u00fcgels<\/li>\n<li>mehrstufiges Fensterkippen<\/li>\n<li>Fensterbeschl\u00e4ge DESIGNIO \u2013 mit verdeckten Scharnieren<\/li>\n<li>und viel mehr<\/li>\n<\/ul>\n<p>Es gibt viele M\u00f6glichkeiten zur Auswahl. Fragen Sie bitte unsere Berater. Sie beraten Sie gern und passen unsere Produkte an Ihre Bed\u00fcrfnisse an![\/vc_column_text][\/vc_tab][vc_tab title=&#8220;Kiefer Farbe&#8220; tab_id=&#8220;1511432860469-3-0&#8243;][mk_gallery images=&#8220;221,222,223,224,225,226,227,228,229,230&#8243; column=&#8220;4&#8243; height=&#8220;142&#8243; hover_scenarios=&#8220;overlay_layer&#8220; item_spacing=&#8220;10&#8243;][\/vc_tab][vc_tab title=&#8220;Meranti Farbe&#8220; tab_id=&#8220;1511438180656-4-8&#8243;][mk_gallery images=&#8220;231,232,233,234,235,236,237,238,239,240&#8243; column=&#8220;4&#8243; height=&#8220;142&#8243; hover_scenarios=&#8220;overlay_layer&#8220; item_spacing=&#8220;10&#8243;][\/vc_tab][\/vc_tabs][\/vc_column][\/mk_page_section]\n","protected":false},"excerpt":{"rendered":"<p>[mk_page_section bg_position=&#8220;center center&#8220; bg_repeat=&#8220;no-repeat&#8220; bg_stretch=&#8220;true&#8220; min_height=&#8220;0&#8243; padding_top=&#8220;110&#8243; padding_bottom=&#8220;68&#8243; sidebar=&#8220;sidebar-1&#8243;][vc_column width=&#8220;1\/2&#8243;][mk_padding_divider size=&#8220;110&#8243;][mk_image src=&#8220;https:\/\/lopez.pl\/wp-content\/uploads\/iv68.jpg&#8220; image_size=&#8220;full&#8220; margin_bottom=&#8220;42&#8243; pxs=&#8220;true&#8220; pxs_x=&#8220;0&#8243; pxs_y=&#8220;-100&#8243; pxs_z=&#8220;0&#8243;][\/vc_column][vc_column width=&#8220;1\/2&#8243;][mk_fancy_title tag_name=&#8220;h1&#8243; size=&#8220;42&#8243; font_weight=&#8220;bold&#8220; margin_bottom=&#8220;0&#8243; font_family=&#8220;none&#8220;]Holz Fenster[\/mk_fancy_title][vc_column_text margin_bottom=&#8220;20&#8243; css=&#8220;.vc_custom_1512736304201{margin-bottom: 0px !important;}&#8220;]IV 68[\/vc_column_text][vc_tabs style=&#8220;simple&#8220; responsive=&#8220;false&#8220;][vc_tab title=&#8220;System&#8220; tab_id=&#8220;1511429291-1-88&#8243;][vc_column_text css=&#8220;.vc_custom_1512735850705{margin-bottom: 0px !important;}&#8220;] Energieeffizienz Dicke der Profile 68 \u2013 nach Kundenwunsch ausgew\u00e4hlt zus\u00e4tzliche 2 Dichtungen um den gesamten Umfang (H\u00fcllendichtung und [&hellip;]<\/p>\n","protected":false},"author":1,"featured_media":0,"parent":1789,"menu_order":32,"comment_status":"closed","ping_status":"closed","template":"","meta":{"inline_featured_image":false,"footnotes":""},"class_list":["post-1829","page","type-page","status-publish","hentry"],"yoast_head":"<!-- This site is optimized with the Yoast SEO plugin v27.4 - https:\/\/yoast.com\/product\/yoast-seo-wordpress\/ -->\n<title>Holz Fenster &#8226; Lopez.pl<\/title>\n<meta name=\"robots\" content=\"index, follow, max-snippet:-1, max-image-preview:large, max-video-preview:-1\" \/>\n<link rel=\"canonical\" href=\"https:\/\/lopez.pl\/de\/angebote\/holzfenster\/\" \/>\n<meta property=\"og:locale\" content=\"de_DE\" \/>\n<meta property=\"og:type\" content=\"article\" \/>\n<meta property=\"og:title\" content=\"Holz Fenster &#8226; Lopez.pl\" \/>\n<meta property=\"og:description\" content=\"[mk_page_section bg_position=&#8220;center center&#8220; bg_repeat=&#8220;no-repeat&#8220; bg_stretch=&#8220;true&#8220; min_height=&#8220;0&#8243; padding_top=&#8220;110&#8243; padding_bottom=&#8220;68&#8243; sidebar=&#8220;sidebar-1&#8243;][vc_column width=&#8220;1\/2&#8243;][mk_padding_divider size=&#8220;110&#8243;][mk_image src=&#8220;https:\/\/lopez.pl\/wp-content\/uploads\/iv68.jpg&#8220; image_size=&#8220;full&#8220; margin_bottom=&#8220;42&#8243; pxs=&#8220;true&#8220; pxs_x=&#8220;0&#8243; pxs_y=&#8220;-100&#8243; pxs_z=&#8220;0&#8243;][\/vc_column][vc_column width=&#8220;1\/2&#8243;][mk_fancy_title tag_name=&#8220;h1&#8243; size=&#8220;42&#8243; font_weight=&#8220;bold&#8220; margin_bottom=&#8220;0&#8243; font_family=&#8220;none&#8220;]Holz Fenster[\/mk_fancy_title][vc_column_text margin_bottom=&#8220;20&#8243; css=&#8220;.vc_custom_1512736304201{margin-bottom: 0px !important;}&#8220;]IV 68[\/vc_column_text][vc_tabs style=&#8220;simple&#8220; responsive=&#8220;false&#8220;][vc_tab title=&#8220;System&#8220; tab_id=&#8220;1511429291-1-88&#8243;][vc_column_text css=&#8220;.vc_custom_1512735850705{margin-bottom: 0px !important;}&#8220;] Energieeffizienz Dicke der Profile 68 \u2013 nach Kundenwunsch ausgew\u00e4hlt zus\u00e4tzliche 2 Dichtungen um den gesamten Umfang (H\u00fcllendichtung und [&hellip;]\" \/>\n<meta property=\"og:url\" content=\"https:\/\/lopez.pl\/de\/angebote\/holzfenster\/\" \/>\n<meta property=\"og:site_name\" content=\"Lopez.pl\" \/>\n<meta property=\"article:modified_time\" content=\"2023-03-27T10:36:00+00:00\" \/>\n<meta name=\"twitter:card\" content=\"summary_large_image\" \/>\n<meta name=\"twitter:label1\" content=\"Gesch\u00e4tzte Lesezeit\" \/>\n\t<meta name=\"twitter:data1\" content=\"8\u00a0Minuten\" \/>\n<script type=\"application\/ld+json\" class=\"yoast-schema-graph\">{\"@context\":\"https:\\\/\\\/schema.org\",\"@graph\":[{\"@type\":\"WebPage\",\"@id\":\"https:\\\/\\\/lopez.pl\\\/de\\\/angebote\\\/holzfenster\\\/\",\"url\":\"https:\\\/\\\/lopez.pl\\\/de\\\/angebote\\\/holzfenster\\\/\",\"name\":\"Holz Fenster &#8226; Lopez.pl\",\"isPartOf\":{\"@id\":\"https:\\\/\\\/lopez.pl\\\/de\\\/#website\"},\"datePublished\":\"2017-11-23T09:10:05+00:00\",\"dateModified\":\"2023-03-27T10:36:00+00:00\",\"breadcrumb\":{\"@id\":\"https:\\\/\\\/lopez.pl\\\/de\\\/angebote\\\/holzfenster\\\/#breadcrumb\"},\"inLanguage\":\"de\",\"potentialAction\":[{\"@type\":\"ReadAction\",\"target\":[\"https:\\\/\\\/lopez.pl\\\/de\\\/angebote\\\/holzfenster\\\/\"]}]},{\"@type\":\"BreadcrumbList\",\"@id\":\"https:\\\/\\\/lopez.pl\\\/de\\\/angebote\\\/holzfenster\\\/#breadcrumb\",\"itemListElement\":[{\"@type\":\"ListItem\",\"position\":1,\"name\":\"Strona g\u0142\u00f3wna\",\"item\":\"https:\\\/\\\/lopez.pl\\\/de\\\/lopez\\\/\"},{\"@type\":\"ListItem\",\"position\":2,\"name\":\"Angebote\",\"item\":\"https:\\\/\\\/lopez.pl\\\/de\\\/angebote\\\/\"},{\"@type\":\"ListItem\",\"position\":3,\"name\":\"Holz Fenster\"}]},{\"@type\":\"WebSite\",\"@id\":\"https:\\\/\\\/lopez.pl\\\/de\\\/#website\",\"url\":\"https:\\\/\\\/lopez.pl\\\/de\\\/\",\"name\":\"Lopez.pl\",\"description\":\"Stolarka okienna i drzwiowa\",\"potentialAction\":[{\"@type\":\"SearchAction\",\"target\":{\"@type\":\"EntryPoint\",\"urlTemplate\":\"https:\\\/\\\/lopez.pl\\\/de\\\/?s={search_term_string}\"},\"query-input\":{\"@type\":\"PropertyValueSpecification\",\"valueRequired\":true,\"valueName\":\"search_term_string\"}}],\"inLanguage\":\"de\"}]}<\/script>\n<!-- \/ Yoast SEO plugin. -->","yoast_head_json":{"title":"Holz Fenster &#8226; Lopez.pl","robots":{"index":"index","follow":"follow","max-snippet":"max-snippet:-1","max-image-preview":"max-image-preview:large","max-video-preview":"max-video-preview:-1"},"canonical":"https:\/\/lopez.pl\/de\/angebote\/holzfenster\/","og_locale":"de_DE","og_type":"article","og_title":"Holz Fenster &#8226; Lopez.pl","og_description":"[mk_page_section bg_position=&#8220;center center&#8220; bg_repeat=&#8220;no-repeat&#8220; bg_stretch=&#8220;true&#8220; min_height=&#8220;0&#8243; padding_top=&#8220;110&#8243; padding_bottom=&#8220;68&#8243; sidebar=&#8220;sidebar-1&#8243;][vc_column width=&#8220;1\/2&#8243;][mk_padding_divider size=&#8220;110&#8243;][mk_image src=&#8220;https:\/\/lopez.pl\/wp-content\/uploads\/iv68.jpg&#8220; image_size=&#8220;full&#8220; margin_bottom=&#8220;42&#8243; pxs=&#8220;true&#8220; pxs_x=&#8220;0&#8243; pxs_y=&#8220;-100&#8243; pxs_z=&#8220;0&#8243;][\/vc_column][vc_column width=&#8220;1\/2&#8243;][mk_fancy_title tag_name=&#8220;h1&#8243; size=&#8220;42&#8243; font_weight=&#8220;bold&#8220; margin_bottom=&#8220;0&#8243; font_family=&#8220;none&#8220;]Holz Fenster[\/mk_fancy_title][vc_column_text margin_bottom=&#8220;20&#8243; css=&#8220;.vc_custom_1512736304201{margin-bottom: 0px !important;}&#8220;]IV 68[\/vc_column_text][vc_tabs style=&#8220;simple&#8220; responsive=&#8220;false&#8220;][vc_tab title=&#8220;System&#8220; tab_id=&#8220;1511429291-1-88&#8243;][vc_column_text css=&#8220;.vc_custom_1512735850705{margin-bottom: 0px !important;}&#8220;] Energieeffizienz Dicke der Profile 68 \u2013 nach Kundenwunsch ausgew\u00e4hlt zus\u00e4tzliche 2 Dichtungen um den gesamten Umfang (H\u00fcllendichtung und [&hellip;]","og_url":"https:\/\/lopez.pl\/de\/angebote\/holzfenster\/","og_site_name":"Lopez.pl","article_modified_time":"2023-03-27T10:36:00+00:00","twitter_card":"summary_large_image","twitter_misc":{"Gesch\u00e4tzte Lesezeit":"8\u00a0Minuten"},"schema":{"@context":"https:\/\/schema.org","@graph":[{"@type":"WebPage","@id":"https:\/\/lopez.pl\/de\/angebote\/holzfenster\/","url":"https:\/\/lopez.pl\/de\/angebote\/holzfenster\/","name":"Holz Fenster &#8226; Lopez.pl","isPartOf":{"@id":"https:\/\/lopez.pl\/de\/#website"},"datePublished":"2017-11-23T09:10:05+00:00","dateModified":"2023-03-27T10:36:00+00:00","breadcrumb":{"@id":"https:\/\/lopez.pl\/de\/angebote\/holzfenster\/#breadcrumb"},"inLanguage":"de","potentialAction":[{"@type":"ReadAction","target":["https:\/\/lopez.pl\/de\/angebote\/holzfenster\/"]}]},{"@type":"BreadcrumbList","@id":"https:\/\/lopez.pl\/de\/angebote\/holzfenster\/#breadcrumb","itemListElement":[{"@type":"ListItem","position":1,"name":"Strona g\u0142\u00f3wna","item":"https:\/\/lopez.pl\/de\/lopez\/"},{"@type":"ListItem","position":2,"name":"Angebote","item":"https:\/\/lopez.pl\/de\/angebote\/"},{"@type":"ListItem","position":3,"name":"Holz Fenster"}]},{"@type":"WebSite","@id":"https:\/\/lopez.pl\/de\/#website","url":"https:\/\/lopez.pl\/de\/","name":"Lopez.pl","description":"Stolarka okienna i drzwiowa","potentialAction":[{"@type":"SearchAction","target":{"@type":"EntryPoint","urlTemplate":"https:\/\/lopez.pl\/de\/?s={search_term_string}"},"query-input":{"@type":"PropertyValueSpecification","valueRequired":true,"valueName":"search_term_string"}}],"inLanguage":"de"}]}},"_links":{"self":[{"href":"https:\/\/lopez.pl\/de\/wp-json\/wp\/v2\/pages\/1829","targetHints":{"allow":["GET"]}}],"collection":[{"href":"https:\/\/lopez.pl\/de\/wp-json\/wp\/v2\/pages"}],"about":[{"href":"https:\/\/lopez.pl\/de\/wp-json\/wp\/v2\/types\/page"}],"author":[{"embeddable":true,"href":"https:\/\/lopez.pl\/de\/wp-json\/wp\/v2\/users\/1"}],"replies":[{"embeddable":true,"href":"https:\/\/lopez.pl\/de\/wp-json\/wp\/v2\/comments?post=1829"}],"version-history":[{"count":3,"href":"https:\/\/lopez.pl\/de\/wp-json\/wp\/v2\/pages\/1829\/revisions"}],"predecessor-version":[{"id":2697,"href":"https:\/\/lopez.pl\/de\/wp-json\/wp\/v2\/pages\/1829\/revisions\/2697"}],"up":[{"embeddable":true,"href":"https:\/\/lopez.pl\/de\/wp-json\/wp\/v2\/pages\/1789"}],"wp:attachment":[{"href":"https:\/\/lopez.pl\/de\/wp-json\/wp\/v2\/media?parent=1829"}],"curies":[{"name":"wp","href":"https:\/\/api.w.org\/{rel}","templated":true}]}}