{"id":1848,"date":"2017-11-23T10:10:37","date_gmt":"2017-11-23T09:10:37","guid":{"rendered":"http:\/\/lopez.chili.zgora.pl\/angebote\/pvc-turen\/"},"modified":"2023-03-27T12:44:08","modified_gmt":"2023-03-27T10:44:08","slug":"pvc-turen","status":"publish","type":"page","link":"https:\/\/lopez.pl\/de\/angebote\/pvc-turen\/","title":{"rendered":"PVC-T\u00fcren"},"content":{"rendered":"[mk_page_section bg_position=&#8220;center center&#8220; bg_repeat=&#8220;no-repeat&#8220; bg_stretch=&#8220;true&#8220; min_height=&#8220;0&#8243; padding_top=&#8220;110&#8243; padding_bottom=&#8220;68&#8243; sidebar=&#8220;sidebar-1&#8243;][vc_column width=&#8220;1\/2&#8243;][mk_padding_divider size=&#8220;110&#8243;][mk_image src=&#8220;https:\/\/lopez.pl\/wp-content\/uploads\/drzwi-pcv.png&#8220; image_size=&#8220;full&#8220; margin_bottom=&#8220;42&#8243; pxs=&#8220;true&#8220; pxs_x=&#8220;0&#8243; pxs_y=&#8220;-100&#8243; pxs_z=&#8220;0&#8243;][\/vc_column][vc_column width=&#8220;1\/2&#8243;][mk_fancy_title tag_name=&#8220;h1&#8243; size=&#8220;42&#8243; font_weight=&#8220;bold&#8220; margin_bottom=&#8220;0&#8243; font_family=&#8220;none&#8220;]PVC-T\u00fcren[\/mk_fancy_title][vc_column_text margin_bottom=&#8220;20&#8243; css=&#8220;.vc_custom_1511868972955{margin-bottom: 0px !important;}&#8220;]<strong>Salamander bE 82<\/strong>[\/vc_column_text][vc_tabs style=&#8220;simple&#8220; responsive=&#8220;false&#8220;][vc_tab title=&#8220;System&#8220; tab_id=&#8220;1511429291-1-88&#8243;][vc_column_text css=&#8220;.vc_custom_1512734766784{margin-bottom: 0px !important;}&#8220;]\n<ul>\n<li><strong>Energieeffizienz<\/strong>\n<ul>\n<li>die Bautiefe von Profilen bluEvolution betr\u00e4gt 82 mm<\/li>\n<li>Mitteldichtungssystem<\/li>\n<li>5-Kammer-Profile<\/li>\n<li>thermisch geteilte Schwelle<\/li>\n<li>MD-System mit einer zus\u00e4tzlichen Mitteldichtung im Rahmen<\/li>\n<li>W\u00e4rmedurchl\u00e4ssigkeitskoeffizient Ud=0,80 W\/(m2K) abh\u00e4ngig von der gew\u00e4hlten F\u00fcllung<\/li>\n<\/ul>\n<\/li>\n<li><strong>Schalld\u00e4mmung<\/strong>\n<ul>\n<li>System von verschiedenen Dichtungen<\/li>\n<\/ul>\n<\/li>\n<li><strong>Sicherheit<\/strong>\n<ul>\n<li>Einbruchsfestigkeit bis zur Klasse RC2<\/li>\n<\/ul>\n<\/li>\n<li><strong>pflege- und reinigungsleicht<\/strong>\n<ul>\n<li>eine glatte Oberfl\u00e4che von Profilen, witterungsbest\u00e4ndig<\/li>\n<\/ul>\n<\/li>\n<\/ul>\n[\/vc_column_text][\/vc_tab][vc_tab title=&#8220;Scheiben&#8220; tab_id=&#8220;1511429291-2-15&#8243;][vc_column_text css=&#8220;.vc_custom_1512734790279{margin-bottom: 0px !important;}&#8220;]\n<ul>\n<li>die M\u00f6glichkeit des Einsatzes von 2-Glasscheiben- und 3-Glasscheiben-Paketen, die Pakete mit einer Breite von 24mm bis 53mm,<\/li>\n<li>warme Rahmen CHROMATECH ULTRA in mehreren Farbvarianten<\/li>\n<li>emissionsarme Beschichtungen, die eine entsprechende W\u00e4rmed\u00e4mmung sicherstellen<\/li>\n<li>Pakete von einer erh\u00f6hten W\u00e4rmed\u00e4mmung, \u2013 Sicherheitsglas und Antieinbruchsgl\u00e4ser, geh\u00e4rtetes oder geklebtes Glas<\/li>\n<li>Verbindungen mit Reflex-Glasscheiben und Ornamenten,<\/li>\n<\/ul>\n[\/vc_column_text][\/vc_tab][vc_tab title=&#8220;Beschl\u00e4ge&#8220; tab_id=&#8220;1511432213812-2-10&#8243;][vc_column_text css=&#8220;.vc_custom_1512734881482{margin-bottom: 0px !important;}&#8220;]T\u00fcren haben alle wichtigen Funktionen zu erf\u00fcllen. Schutz, leichtes \u00d6ffnen und Schlie\u00dfen. Lopez nutz eben aus diesem Grunde lediglich renommierte Beschl\u00e4ge der Firma ROTO \u2013 dem Spezialisten in der T\u00fcrentechnik.  <\/p>\n<p>In den Salamander bE 82 T\u00fcren:<\/p>\n<ul>\n<li>montieren wir auf der ganzen L\u00e4nge eine Anzapfungsleiste mit einem Element<\/li>\n<li>montieren wir das Schloss mit Mehrpunkten-Verriegelung<\/li>\n<li>nach individuellen Erwartungen w\u00e4hlen wir gemeinsam das Schloss aus.<\/li>\n<\/ul>\n[\/vc_column_text][\/vc_tab][vc_tab title=&#8220;Farben&#8220; tab_id=&#8220;1511432860469-3-0&#8243;][mk_gallery images=&#8220;179,180,181,182,183,184,185,186,187,188,189,190,191,192,193,194,195,196,197,198,199,200,201,202,203,204,205,206,207,208,209,210,211,212,213,214,215,216,217&#8243; column=&#8220;4&#8243; height=&#8220;142&#8243; hover_scenarios=&#8220;overlay_layer&#8220; item_spacing=&#8220;10&#8243;][\/vc_tab][\/vc_tabs][\/vc_column][\/mk_page_section][mk_page_section bg_color=&#8220;#f5f5f5&#8243; bg_position=&#8220;center center&#8220; bg_repeat=&#8220;no-repeat&#8220; bg_stretch=&#8220;true&#8220; min_height=&#8220;0&#8243; padding_top=&#8220;68&#8243; padding_bottom=&#8220;68&#8243; sidebar=&#8220;sidebar-1&#8243;][vc_column][vc_tabs heading_title=&#8220;WYPE\u0141NIENIA DRZWIOWE&#8220; style=&#8220;simple&#8220; responsive=&#8220;false&#8220; container_bg_color=&#8220;#f5f5f5&#8243;][vc_tab title=&#8220;SK&#8220; tab_id=&#8220;1511530924278-0-8&#8243;][mk_gallery images=&#8220;823,824,825,826,827,828,829,830,831,832,833,834,835,836,837,838&#8243; column=&#8220;8&#8243; image_size=&#8220;full&#8220; hover_scenarios=&#8220;overlay_layer&#8220; item_spacing=&#8220;10&#8243;][\/vc_tab][vc_tab title=&#8220;SN&#8220; tab_id=&#8220;1511531009538-1-9&#8243;][mk_gallery images=&#8220;839,840,841,842,843,844,845,846,847,848,849,850,851,852,853,854,855,856,857,858,859,860,861,862,863,864,865,866,867,868,869&#8243; column=&#8220;8&#8243; image_size=&#8220;full&#8220; hover_scenarios=&#8220;overlay_layer&#8220; item_spacing=&#8220;10&#8243;][\/vc_tab][vc_tab title=&#8220;SP&#8220; tab_id=&#8220;1511532526163-2-0&#8243;][mk_gallery images=&#8220;870,871,872,873,874,875,876,877,878,879,880,881,882&#8243; column=&#8220;8&#8243; image_size=&#8220;full&#8220; hover_scenarios=&#8220;overlay_layer&#8220; item_spacing=&#8220;10&#8243;][\/vc_tab][\/vc_tabs][\/vc_column][\/mk_page_section]\n","protected":false},"excerpt":{"rendered":"<p>[mk_page_section bg_position=&#8220;center center&#8220; bg_repeat=&#8220;no-repeat&#8220; bg_stretch=&#8220;true&#8220; min_height=&#8220;0&#8243; padding_top=&#8220;110&#8243; padding_bottom=&#8220;68&#8243; sidebar=&#8220;sidebar-1&#8243;][vc_column width=&#8220;1\/2&#8243;][mk_padding_divider size=&#8220;110&#8243;][mk_image src=&#8220;https:\/\/lopez.pl\/wp-content\/uploads\/drzwi-pcv.png&#8220; image_size=&#8220;full&#8220; margin_bottom=&#8220;42&#8243; pxs=&#8220;true&#8220; pxs_x=&#8220;0&#8243; pxs_y=&#8220;-100&#8243; pxs_z=&#8220;0&#8243;][\/vc_column][vc_column width=&#8220;1\/2&#8243;][mk_fancy_title tag_name=&#8220;h1&#8243; size=&#8220;42&#8243; font_weight=&#8220;bold&#8220; margin_bottom=&#8220;0&#8243; font_family=&#8220;none&#8220;]PVC-T\u00fcren[\/mk_fancy_title][vc_column_text margin_bottom=&#8220;20&#8243; css=&#8220;.vc_custom_1511868972955{margin-bottom: 0px !important;}&#8220;]Salamander bE 82[\/vc_column_text][vc_tabs style=&#8220;simple&#8220; responsive=&#8220;false&#8220;][vc_tab title=&#8220;System&#8220; tab_id=&#8220;1511429291-1-88&#8243;][vc_column_text css=&#8220;.vc_custom_1512734766784{margin-bottom: 0px !important;}&#8220;] Energieeffizienz die Bautiefe von Profilen bluEvolution betr\u00e4gt 82 mm Mitteldichtungssystem 5-Kammer-Profile thermisch geteilte Schwelle MD-System mit einer zus\u00e4tzlichen [&hellip;]<\/p>\n","protected":false},"author":1,"featured_media":0,"parent":1789,"menu_order":33,"comment_status":"closed","ping_status":"closed","template":"","meta":{"inline_featured_image":false,"footnotes":""},"class_list":["post-1848","page","type-page","status-publish","hentry"],"yoast_head":"<!-- This site is optimized with the Yoast SEO plugin v27.4 - https:\/\/yoast.com\/product\/yoast-seo-wordpress\/ -->\n<title>PVC-T\u00fcren &#8226; Lopez.pl<\/title>\n<meta name=\"robots\" content=\"index, follow, max-snippet:-1, max-image-preview:large, max-video-preview:-1\" \/>\n<link rel=\"canonical\" href=\"https:\/\/lopez.pl\/de\/angebote\/pvc-turen\/\" \/>\n<meta property=\"og:locale\" content=\"de_DE\" \/>\n<meta property=\"og:type\" content=\"article\" \/>\n<meta property=\"og:title\" content=\"PVC-T\u00fcren &#8226; Lopez.pl\" \/>\n<meta property=\"og:description\" content=\"[mk_page_section bg_position=&#8220;center center&#8220; bg_repeat=&#8220;no-repeat&#8220; bg_stretch=&#8220;true&#8220; min_height=&#8220;0&#8243; padding_top=&#8220;110&#8243; padding_bottom=&#8220;68&#8243; sidebar=&#8220;sidebar-1&#8243;][vc_column width=&#8220;1\/2&#8243;][mk_padding_divider size=&#8220;110&#8243;][mk_image src=&#8220;https:\/\/lopez.pl\/wp-content\/uploads\/drzwi-pcv.png&#8220; image_size=&#8220;full&#8220; margin_bottom=&#8220;42&#8243; pxs=&#8220;true&#8220; pxs_x=&#8220;0&#8243; pxs_y=&#8220;-100&#8243; pxs_z=&#8220;0&#8243;][\/vc_column][vc_column width=&#8220;1\/2&#8243;][mk_fancy_title tag_name=&#8220;h1&#8243; size=&#8220;42&#8243; font_weight=&#8220;bold&#8220; margin_bottom=&#8220;0&#8243; font_family=&#8220;none&#8220;]PVC-T\u00fcren[\/mk_fancy_title][vc_column_text margin_bottom=&#8220;20&#8243; css=&#8220;.vc_custom_1511868972955{margin-bottom: 0px !important;}&#8220;]Salamander bE 82[\/vc_column_text][vc_tabs style=&#8220;simple&#8220; responsive=&#8220;false&#8220;][vc_tab title=&#8220;System&#8220; tab_id=&#8220;1511429291-1-88&#8243;][vc_column_text css=&#8220;.vc_custom_1512734766784{margin-bottom: 0px !important;}&#8220;] Energieeffizienz die Bautiefe von Profilen bluEvolution betr\u00e4gt 82 mm Mitteldichtungssystem 5-Kammer-Profile thermisch geteilte Schwelle MD-System mit einer zus\u00e4tzlichen [&hellip;]\" \/>\n<meta property=\"og:url\" content=\"https:\/\/lopez.pl\/de\/angebote\/pvc-turen\/\" \/>\n<meta property=\"og:site_name\" content=\"Lopez.pl\" \/>\n<meta property=\"article:modified_time\" content=\"2023-03-27T10:44:08+00:00\" \/>\n<meta name=\"twitter:card\" content=\"summary_large_image\" \/>\n<meta name=\"twitter:label1\" content=\"Gesch\u00e4tzte Lesezeit\" \/>\n\t<meta name=\"twitter:data1\" content=\"2\u00a0Minuten\" \/>\n<script type=\"application\/ld+json\" class=\"yoast-schema-graph\">{\"@context\":\"https:\\\/\\\/schema.org\",\"@graph\":[{\"@type\":\"WebPage\",\"@id\":\"https:\\\/\\\/lopez.pl\\\/de\\\/angebote\\\/pvc-turen\\\/\",\"url\":\"https:\\\/\\\/lopez.pl\\\/de\\\/angebote\\\/pvc-turen\\\/\",\"name\":\"PVC-T\u00fcren &#8226; Lopez.pl\",\"isPartOf\":{\"@id\":\"https:\\\/\\\/lopez.pl\\\/de\\\/#website\"},\"datePublished\":\"2017-11-23T09:10:37+00:00\",\"dateModified\":\"2023-03-27T10:44:08+00:00\",\"breadcrumb\":{\"@id\":\"https:\\\/\\\/lopez.pl\\\/de\\\/angebote\\\/pvc-turen\\\/#breadcrumb\"},\"inLanguage\":\"de\",\"potentialAction\":[{\"@type\":\"ReadAction\",\"target\":[\"https:\\\/\\\/lopez.pl\\\/de\\\/angebote\\\/pvc-turen\\\/\"]}]},{\"@type\":\"BreadcrumbList\",\"@id\":\"https:\\\/\\\/lopez.pl\\\/de\\\/angebote\\\/pvc-turen\\\/#breadcrumb\",\"itemListElement\":[{\"@type\":\"ListItem\",\"position\":1,\"name\":\"Strona g\u0142\u00f3wna\",\"item\":\"https:\\\/\\\/lopez.pl\\\/de\\\/lopez\\\/\"},{\"@type\":\"ListItem\",\"position\":2,\"name\":\"Angebote\",\"item\":\"https:\\\/\\\/lopez.pl\\\/de\\\/angebote\\\/\"},{\"@type\":\"ListItem\",\"position\":3,\"name\":\"PVC-T\u00fcren\"}]},{\"@type\":\"WebSite\",\"@id\":\"https:\\\/\\\/lopez.pl\\\/de\\\/#website\",\"url\":\"https:\\\/\\\/lopez.pl\\\/de\\\/\",\"name\":\"Lopez.pl\",\"description\":\"Stolarka okienna i drzwiowa\",\"potentialAction\":[{\"@type\":\"SearchAction\",\"target\":{\"@type\":\"EntryPoint\",\"urlTemplate\":\"https:\\\/\\\/lopez.pl\\\/de\\\/?s={search_term_string}\"},\"query-input\":{\"@type\":\"PropertyValueSpecification\",\"valueRequired\":true,\"valueName\":\"search_term_string\"}}],\"inLanguage\":\"de\"}]}<\/script>\n<!-- \/ Yoast SEO plugin. -->","yoast_head_json":{"title":"PVC-T\u00fcren &#8226; Lopez.pl","robots":{"index":"index","follow":"follow","max-snippet":"max-snippet:-1","max-image-preview":"max-image-preview:large","max-video-preview":"max-video-preview:-1"},"canonical":"https:\/\/lopez.pl\/de\/angebote\/pvc-turen\/","og_locale":"de_DE","og_type":"article","og_title":"PVC-T\u00fcren &#8226; Lopez.pl","og_description":"[mk_page_section bg_position=&#8220;center center&#8220; bg_repeat=&#8220;no-repeat&#8220; bg_stretch=&#8220;true&#8220; min_height=&#8220;0&#8243; padding_top=&#8220;110&#8243; padding_bottom=&#8220;68&#8243; sidebar=&#8220;sidebar-1&#8243;][vc_column width=&#8220;1\/2&#8243;][mk_padding_divider size=&#8220;110&#8243;][mk_image src=&#8220;https:\/\/lopez.pl\/wp-content\/uploads\/drzwi-pcv.png&#8220; image_size=&#8220;full&#8220; margin_bottom=&#8220;42&#8243; pxs=&#8220;true&#8220; pxs_x=&#8220;0&#8243; pxs_y=&#8220;-100&#8243; pxs_z=&#8220;0&#8243;][\/vc_column][vc_column width=&#8220;1\/2&#8243;][mk_fancy_title tag_name=&#8220;h1&#8243; size=&#8220;42&#8243; font_weight=&#8220;bold&#8220; margin_bottom=&#8220;0&#8243; font_family=&#8220;none&#8220;]PVC-T\u00fcren[\/mk_fancy_title][vc_column_text margin_bottom=&#8220;20&#8243; css=&#8220;.vc_custom_1511868972955{margin-bottom: 0px !important;}&#8220;]Salamander bE 82[\/vc_column_text][vc_tabs style=&#8220;simple&#8220; responsive=&#8220;false&#8220;][vc_tab title=&#8220;System&#8220; tab_id=&#8220;1511429291-1-88&#8243;][vc_column_text css=&#8220;.vc_custom_1512734766784{margin-bottom: 0px !important;}&#8220;] Energieeffizienz die Bautiefe von Profilen bluEvolution betr\u00e4gt 82 mm Mitteldichtungssystem 5-Kammer-Profile thermisch geteilte Schwelle MD-System mit einer zus\u00e4tzlichen [&hellip;]","og_url":"https:\/\/lopez.pl\/de\/angebote\/pvc-turen\/","og_site_name":"Lopez.pl","article_modified_time":"2023-03-27T10:44:08+00:00","twitter_card":"summary_large_image","twitter_misc":{"Gesch\u00e4tzte Lesezeit":"2\u00a0Minuten"},"schema":{"@context":"https:\/\/schema.org","@graph":[{"@type":"WebPage","@id":"https:\/\/lopez.pl\/de\/angebote\/pvc-turen\/","url":"https:\/\/lopez.pl\/de\/angebote\/pvc-turen\/","name":"PVC-T\u00fcren &#8226; Lopez.pl","isPartOf":{"@id":"https:\/\/lopez.pl\/de\/#website"},"datePublished":"2017-11-23T09:10:37+00:00","dateModified":"2023-03-27T10:44:08+00:00","breadcrumb":{"@id":"https:\/\/lopez.pl\/de\/angebote\/pvc-turen\/#breadcrumb"},"inLanguage":"de","potentialAction":[{"@type":"ReadAction","target":["https:\/\/lopez.pl\/de\/angebote\/pvc-turen\/"]}]},{"@type":"BreadcrumbList","@id":"https:\/\/lopez.pl\/de\/angebote\/pvc-turen\/#breadcrumb","itemListElement":[{"@type":"ListItem","position":1,"name":"Strona g\u0142\u00f3wna","item":"https:\/\/lopez.pl\/de\/lopez\/"},{"@type":"ListItem","position":2,"name":"Angebote","item":"https:\/\/lopez.pl\/de\/angebote\/"},{"@type":"ListItem","position":3,"name":"PVC-T\u00fcren"}]},{"@type":"WebSite","@id":"https:\/\/lopez.pl\/de\/#website","url":"https:\/\/lopez.pl\/de\/","name":"Lopez.pl","description":"Stolarka okienna i drzwiowa","potentialAction":[{"@type":"SearchAction","target":{"@type":"EntryPoint","urlTemplate":"https:\/\/lopez.pl\/de\/?s={search_term_string}"},"query-input":{"@type":"PropertyValueSpecification","valueRequired":true,"valueName":"search_term_string"}}],"inLanguage":"de"}]}},"_links":{"self":[{"href":"https:\/\/lopez.pl\/de\/wp-json\/wp\/v2\/pages\/1848","targetHints":{"allow":["GET"]}}],"collection":[{"href":"https:\/\/lopez.pl\/de\/wp-json\/wp\/v2\/pages"}],"about":[{"href":"https:\/\/lopez.pl\/de\/wp-json\/wp\/v2\/types\/page"}],"author":[{"embeddable":true,"href":"https:\/\/lopez.pl\/de\/wp-json\/wp\/v2\/users\/1"}],"replies":[{"embeddable":true,"href":"https:\/\/lopez.pl\/de\/wp-json\/wp\/v2\/comments?post=1848"}],"version-history":[{"count":3,"href":"https:\/\/lopez.pl\/de\/wp-json\/wp\/v2\/pages\/1848\/revisions"}],"predecessor-version":[{"id":2701,"href":"https:\/\/lopez.pl\/de\/wp-json\/wp\/v2\/pages\/1848\/revisions\/2701"}],"up":[{"embeddable":true,"href":"https:\/\/lopez.pl\/de\/wp-json\/wp\/v2\/pages\/1789"}],"wp:attachment":[{"href":"https:\/\/lopez.pl\/de\/wp-json\/wp\/v2\/media?parent=1848"}],"curies":[{"name":"wp","href":"https:\/\/api.w.org\/{rel}","templated":true}]}}