{"id":1858,"date":"2017-11-23T16:16:06","date_gmt":"2017-11-23T15:16:06","guid":{"rendered":"http:\/\/lopez.chili.zgora.pl\/angebote\/holzturen\/"},"modified":"2023-03-27T12:49:17","modified_gmt":"2023-03-27T10:49:17","slug":"holzturen","status":"publish","type":"page","link":"https:\/\/lopez.pl\/de\/angebote\/holzturen\/","title":{"rendered":"Holzt\u00fcren"},"content":{"rendered":"[mk_page_section bg_position=&#8220;center center&#8220; bg_repeat=&#8220;no-repeat&#8220; bg_stretch=&#8220;true&#8220; min_height=&#8220;0&#8243; padding_top=&#8220;110&#8243; padding_bottom=&#8220;68&#8243; sidebar=&#8220;sidebar-1&#8243;][vc_column width=&#8220;1\/2&#8243;][mk_padding_divider size=&#8220;110&#8243; visibility=&#8220;hidden-sm&#8220;][mk_image src=&#8220;https:\/\/lopez.pl\/wp-content\/uploads\/classica-i-palazzo.jpg&#8220; image_size=&#8220;full&#8220; margin_bottom=&#8220;42&#8243; pxs=&#8220;true&#8220; pxs_x=&#8220;0&#8243; pxs_y=&#8220;-100&#8243; pxs_z=&#8220;0&#8243;][\/vc_column][vc_column width=&#8220;1\/2&#8243;][mk_fancy_title tag_name=&#8220;h1&#8243; size=&#8220;42&#8243; font_weight=&#8220;bold&#8220; margin_bottom=&#8220;0&#8243; font_family=&#8220;none&#8220;]Holzt\u00fcren[\/mk_fancy_title][vc_tabs style=&#8220;simple&#8220; responsive=&#8220;false&#8220;][vc_tab title=&#8220;System&#8220; tab_id=&#8220;1511429291-1-88&#8243;][vc_column_text css=&#8220;.vc_custom_1512736551307{margin-bottom: 0px !important;}&#8220;]\n<ul>\n<li><strong>Energieeffizienz<\/strong>\n<ul>\n<li>die F\u00fcllung \u2013 das w\u00e4rmeisolierte Paneel<\/li>\n<li>das Abdichtungssystem der T\u00fcrschwelle<\/li>\n<\/ul>\n<\/li>\n<li><strong>Festigkeit<\/strong>\n<ul>\n<li>Kantholz vom Typ \u201eSandwich\u201d- die Klebetechnik mit Bewahrung der Maserung<\/li>\n<li>Technologie, die die Verformungen der T\u00fcrfl\u00fcgelkonstruktion verhindert<\/li>\n<\/ul>\n<\/li>\n<li><strong>\u00c4sthetik<\/strong>\n<ul>\n<li>sichtbare, solide Elemente des Rahmens<\/li>\n<li>originelle Zierelemente: geschmiedete Verzierungen, manuell geschnitzte Motive und Glasfenster<\/li>\n<li>erh\u00e4ltlich sind 3 Kollektionen, die an verschiedene architektonischen Stile angepasst werden<\/li>\n<li>ein breites Spektrum von Mustern<\/li>\n<\/ul>\n<\/li>\n<\/ul>\n[\/vc_column_text][\/vc_tab][vc_tab title=&#8220;Beschl\u00e4ge&#8220; tab_id=&#8220;1511432213812-2-10&#8243;][vc_column_text css=&#8220;.vc_custom_1512736738414{margin-bottom: 0px !important;}&#8220;]T\u00fcren haben alle wichtigen Funktionen zu erf\u00fcllen. Schutz, leichtes \u00d6ffnen und Schlie\u00dfen. Lopez nutz eben aus diesem Grunde lediglich renommierte Beschl\u00e4ge der Firma ROTO \u2013 dem Spezialisten in der T\u00fcrentechnik.  <\/p>\n<p>In den Holzt\u00fcren von Lopez verwenden wir:<\/p>\n<ul>\n<li>solide Scharniere mit einer dreistufigen Verstellung; ihre Konstruktion macht die Zerlegung oder Demontage der Scharniere von der Au\u00dfenseite unm\u00f6glich<\/li>\n<li>eine verstellbare Anzapfungsleiste, die auf der ganzen H\u00f6he der Zarge montiert wird<\/li>\n<li>standardm\u00e4\u00dfig mit Mehrpunkt-Schl\u00f6ssern ausgestattet<\/li>\n<li>auf Wunsch: zertifizierte Einbruchsschutzeinlagen<\/li>\n<\/ul>\n<p>Gibt es viel zur Auswahl? Fragen Sie bitte unsere Berater. Sie beraten Sie gern und passen unsere Produkte an Ihre Bed\u00fcrfnisse an![\/vc_column_text][\/vc_tab][vc_tab title=&#8220;Kiefer Farbe&#8220; tab_id=&#8220;1511432860469-3-0&#8243;][mk_gallery images=&#8220;221,230,229,228,227,226,225,224,223,222&#8243; column=&#8220;4&#8243; height=&#8220;142&#8243; hover_scenarios=&#8220;overlay_layer&#8220; item_spacing=&#8220;10&#8243;][\/vc_tab][vc_tab title=&#8220;Meranti Farbe&#8220; tab_id=&#8220;1511447049892-3-7&#8243;][mk_gallery images=&#8220;231,240,239,238,237,236,235,234,233,232&#8243; column=&#8220;4&#8243; height=&#8220;142&#8243; hover_scenarios=&#8220;overlay_layer&#8220; item_spacing=&#8220;10&#8243;][\/vc_tab][\/vc_tabs][\/vc_column][\/mk_page_section][mk_page_section bg_color=&#8220;#f5f5f5&#8243; bg_position=&#8220;center center&#8220; bg_repeat=&#8220;no-repeat&#8220; bg_stretch=&#8220;true&#8220; min_height=&#8220;0&#8243; padding_top=&#8220;68&#8243; padding_bottom=&#8220;68&#8243; sidebar=&#8220;sidebar-1&#8243;][vc_column][vc_tabs heading_title=&#8220;MODELE DRZWI DREWNIANYCH&#8220; style=&#8220;simple&#8220; responsive=&#8220;false&#8220; container_bg_color=&#8220;#f5f5f5&#8243;][vc_tab title=&#8220;Classica&#8220; tab_id=&#8220;1511530924278-0-8&#8243;][mk_gallery images=&#8220;337,338,339,340,341,342,343,344,345,346,347,348,349,350,351,352,353,354,355,356,357,358,359,360,361,362,363&#8243; column=&#8220;8&#8243; image_size=&#8220;full&#8220; hover_scenarios=&#8220;overlay_layer&#8220; item_spacing=&#8220;10&#8243;][\/vc_tab][vc_tab title=&#8220;Palazzo&#8220; tab_id=&#8220;1511531009538-1-9&#8243;][mk_gallery images=&#8220;365,366,367,368,369,370,371,372,373,374&#8243; column=&#8220;8&#8243; image_size=&#8220;full&#8220; hover_scenarios=&#8220;overlay_layer&#8220; item_spacing=&#8220;10&#8243;][\/vc_tab][vc_tab title=&#8220;Rustica&#8220; tab_id=&#8220;1511532526163-2-0&#8243;][mk_gallery images=&#8220;375,376,377,378,379,380,381,382,383&#8243; column=&#8220;8&#8243; image_size=&#8220;full&#8220; hover_scenarios=&#8220;overlay_layer&#8220; item_spacing=&#8220;10&#8243;][\/vc_tab][\/vc_tabs][\/vc_column][\/mk_page_section]\n","protected":false},"excerpt":{"rendered":"<p>[mk_page_section bg_position=&#8220;center center&#8220; bg_repeat=&#8220;no-repeat&#8220; bg_stretch=&#8220;true&#8220; min_height=&#8220;0&#8243; padding_top=&#8220;110&#8243; padding_bottom=&#8220;68&#8243; sidebar=&#8220;sidebar-1&#8243;][vc_column width=&#8220;1\/2&#8243;][mk_padding_divider size=&#8220;110&#8243; visibility=&#8220;hidden-sm&#8220;][mk_image src=&#8220;https:\/\/lopez.pl\/wp-content\/uploads\/classica-i-palazzo.jpg&#8220; image_size=&#8220;full&#8220; margin_bottom=&#8220;42&#8243; pxs=&#8220;true&#8220; pxs_x=&#8220;0&#8243; pxs_y=&#8220;-100&#8243; pxs_z=&#8220;0&#8243;][\/vc_column][vc_column width=&#8220;1\/2&#8243;][mk_fancy_title tag_name=&#8220;h1&#8243; size=&#8220;42&#8243; font_weight=&#8220;bold&#8220; margin_bottom=&#8220;0&#8243; font_family=&#8220;none&#8220;]Holzt\u00fcren[\/mk_fancy_title][vc_tabs style=&#8220;simple&#8220; responsive=&#8220;false&#8220;][vc_tab title=&#8220;System&#8220; tab_id=&#8220;1511429291-1-88&#8243;][vc_column_text css=&#8220;.vc_custom_1512736551307{margin-bottom: 0px !important;}&#8220;] Energieeffizienz die F\u00fcllung \u2013 das w\u00e4rmeisolierte Paneel das Abdichtungssystem der T\u00fcrschwelle Festigkeit Kantholz vom Typ \u201eSandwich\u201d- die Klebetechnik mit Bewahrung der Maserung Technologie, [&hellip;]<\/p>\n","protected":false},"author":1,"featured_media":0,"parent":1789,"menu_order":34,"comment_status":"closed","ping_status":"closed","template":"","meta":{"inline_featured_image":false,"footnotes":""},"class_list":["post-1858","page","type-page","status-publish","hentry"],"yoast_head":"<!-- This site is optimized with the Yoast SEO plugin v27.4 - https:\/\/yoast.com\/product\/yoast-seo-wordpress\/ -->\n<title>Holzt\u00fcren &#8226; Lopez.pl<\/title>\n<meta name=\"robots\" content=\"index, follow, max-snippet:-1, max-image-preview:large, max-video-preview:-1\" \/>\n<link rel=\"canonical\" href=\"https:\/\/lopez.pl\/de\/angebote\/holzturen\/\" \/>\n<meta property=\"og:locale\" content=\"de_DE\" \/>\n<meta property=\"og:type\" content=\"article\" \/>\n<meta property=\"og:title\" content=\"Holzt\u00fcren &#8226; Lopez.pl\" \/>\n<meta property=\"og:description\" content=\"[mk_page_section bg_position=&#8220;center center&#8220; bg_repeat=&#8220;no-repeat&#8220; bg_stretch=&#8220;true&#8220; min_height=&#8220;0&#8243; padding_top=&#8220;110&#8243; padding_bottom=&#8220;68&#8243; sidebar=&#8220;sidebar-1&#8243;][vc_column width=&#8220;1\/2&#8243;][mk_padding_divider size=&#8220;110&#8243; visibility=&#8220;hidden-sm&#8220;][mk_image src=&#8220;https:\/\/lopez.pl\/wp-content\/uploads\/classica-i-palazzo.jpg&#8220; image_size=&#8220;full&#8220; margin_bottom=&#8220;42&#8243; pxs=&#8220;true&#8220; pxs_x=&#8220;0&#8243; pxs_y=&#8220;-100&#8243; pxs_z=&#8220;0&#8243;][\/vc_column][vc_column width=&#8220;1\/2&#8243;][mk_fancy_title tag_name=&#8220;h1&#8243; size=&#8220;42&#8243; font_weight=&#8220;bold&#8220; margin_bottom=&#8220;0&#8243; font_family=&#8220;none&#8220;]Holzt\u00fcren[\/mk_fancy_title][vc_tabs style=&#8220;simple&#8220; responsive=&#8220;false&#8220;][vc_tab title=&#8220;System&#8220; tab_id=&#8220;1511429291-1-88&#8243;][vc_column_text css=&#8220;.vc_custom_1512736551307{margin-bottom: 0px !important;}&#8220;] Energieeffizienz die F\u00fcllung \u2013 das w\u00e4rmeisolierte Paneel das Abdichtungssystem der T\u00fcrschwelle Festigkeit Kantholz vom Typ \u201eSandwich\u201d- die Klebetechnik mit Bewahrung der Maserung Technologie, [&hellip;]\" \/>\n<meta property=\"og:url\" content=\"https:\/\/lopez.pl\/de\/angebote\/holzturen\/\" \/>\n<meta property=\"og:site_name\" content=\"Lopez.pl\" \/>\n<meta property=\"article:modified_time\" content=\"2023-03-27T10:49:17+00:00\" \/>\n<meta name=\"twitter:card\" content=\"summary_large_image\" \/>\n<meta name=\"twitter:label1\" content=\"Gesch\u00e4tzte Lesezeit\" \/>\n\t<meta name=\"twitter:data1\" content=\"2\u00a0Minuten\" \/>\n<script type=\"application\/ld+json\" class=\"yoast-schema-graph\">{\"@context\":\"https:\\\/\\\/schema.org\",\"@graph\":[{\"@type\":\"WebPage\",\"@id\":\"https:\\\/\\\/lopez.pl\\\/de\\\/angebote\\\/holzturen\\\/\",\"url\":\"https:\\\/\\\/lopez.pl\\\/de\\\/angebote\\\/holzturen\\\/\",\"name\":\"Holzt\u00fcren &#8226; Lopez.pl\",\"isPartOf\":{\"@id\":\"https:\\\/\\\/lopez.pl\\\/de\\\/#website\"},\"datePublished\":\"2017-11-23T15:16:06+00:00\",\"dateModified\":\"2023-03-27T10:49:17+00:00\",\"breadcrumb\":{\"@id\":\"https:\\\/\\\/lopez.pl\\\/de\\\/angebote\\\/holzturen\\\/#breadcrumb\"},\"inLanguage\":\"de\",\"potentialAction\":[{\"@type\":\"ReadAction\",\"target\":[\"https:\\\/\\\/lopez.pl\\\/de\\\/angebote\\\/holzturen\\\/\"]}]},{\"@type\":\"BreadcrumbList\",\"@id\":\"https:\\\/\\\/lopez.pl\\\/de\\\/angebote\\\/holzturen\\\/#breadcrumb\",\"itemListElement\":[{\"@type\":\"ListItem\",\"position\":1,\"name\":\"Strona g\u0142\u00f3wna\",\"item\":\"https:\\\/\\\/lopez.pl\\\/de\\\/lopez\\\/\"},{\"@type\":\"ListItem\",\"position\":2,\"name\":\"Angebote\",\"item\":\"https:\\\/\\\/lopez.pl\\\/de\\\/angebote\\\/\"},{\"@type\":\"ListItem\",\"position\":3,\"name\":\"Holzt\u00fcren\"}]},{\"@type\":\"WebSite\",\"@id\":\"https:\\\/\\\/lopez.pl\\\/de\\\/#website\",\"url\":\"https:\\\/\\\/lopez.pl\\\/de\\\/\",\"name\":\"Lopez.pl\",\"description\":\"Stolarka okienna i drzwiowa\",\"potentialAction\":[{\"@type\":\"SearchAction\",\"target\":{\"@type\":\"EntryPoint\",\"urlTemplate\":\"https:\\\/\\\/lopez.pl\\\/de\\\/?s={search_term_string}\"},\"query-input\":{\"@type\":\"PropertyValueSpecification\",\"valueRequired\":true,\"valueName\":\"search_term_string\"}}],\"inLanguage\":\"de\"}]}<\/script>\n<!-- \/ Yoast SEO plugin. -->","yoast_head_json":{"title":"Holzt\u00fcren &#8226; Lopez.pl","robots":{"index":"index","follow":"follow","max-snippet":"max-snippet:-1","max-image-preview":"max-image-preview:large","max-video-preview":"max-video-preview:-1"},"canonical":"https:\/\/lopez.pl\/de\/angebote\/holzturen\/","og_locale":"de_DE","og_type":"article","og_title":"Holzt\u00fcren &#8226; Lopez.pl","og_description":"[mk_page_section bg_position=&#8220;center center&#8220; bg_repeat=&#8220;no-repeat&#8220; bg_stretch=&#8220;true&#8220; min_height=&#8220;0&#8243; padding_top=&#8220;110&#8243; padding_bottom=&#8220;68&#8243; sidebar=&#8220;sidebar-1&#8243;][vc_column width=&#8220;1\/2&#8243;][mk_padding_divider size=&#8220;110&#8243; visibility=&#8220;hidden-sm&#8220;][mk_image src=&#8220;https:\/\/lopez.pl\/wp-content\/uploads\/classica-i-palazzo.jpg&#8220; image_size=&#8220;full&#8220; margin_bottom=&#8220;42&#8243; pxs=&#8220;true&#8220; pxs_x=&#8220;0&#8243; pxs_y=&#8220;-100&#8243; pxs_z=&#8220;0&#8243;][\/vc_column][vc_column width=&#8220;1\/2&#8243;][mk_fancy_title tag_name=&#8220;h1&#8243; size=&#8220;42&#8243; font_weight=&#8220;bold&#8220; margin_bottom=&#8220;0&#8243; font_family=&#8220;none&#8220;]Holzt\u00fcren[\/mk_fancy_title][vc_tabs style=&#8220;simple&#8220; responsive=&#8220;false&#8220;][vc_tab title=&#8220;System&#8220; tab_id=&#8220;1511429291-1-88&#8243;][vc_column_text css=&#8220;.vc_custom_1512736551307{margin-bottom: 0px !important;}&#8220;] Energieeffizienz die F\u00fcllung \u2013 das w\u00e4rmeisolierte Paneel das Abdichtungssystem der T\u00fcrschwelle Festigkeit Kantholz vom Typ \u201eSandwich\u201d- die Klebetechnik mit Bewahrung der Maserung Technologie, [&hellip;]","og_url":"https:\/\/lopez.pl\/de\/angebote\/holzturen\/","og_site_name":"Lopez.pl","article_modified_time":"2023-03-27T10:49:17+00:00","twitter_card":"summary_large_image","twitter_misc":{"Gesch\u00e4tzte Lesezeit":"2\u00a0Minuten"},"schema":{"@context":"https:\/\/schema.org","@graph":[{"@type":"WebPage","@id":"https:\/\/lopez.pl\/de\/angebote\/holzturen\/","url":"https:\/\/lopez.pl\/de\/angebote\/holzturen\/","name":"Holzt\u00fcren &#8226; Lopez.pl","isPartOf":{"@id":"https:\/\/lopez.pl\/de\/#website"},"datePublished":"2017-11-23T15:16:06+00:00","dateModified":"2023-03-27T10:49:17+00:00","breadcrumb":{"@id":"https:\/\/lopez.pl\/de\/angebote\/holzturen\/#breadcrumb"},"inLanguage":"de","potentialAction":[{"@type":"ReadAction","target":["https:\/\/lopez.pl\/de\/angebote\/holzturen\/"]}]},{"@type":"BreadcrumbList","@id":"https:\/\/lopez.pl\/de\/angebote\/holzturen\/#breadcrumb","itemListElement":[{"@type":"ListItem","position":1,"name":"Strona g\u0142\u00f3wna","item":"https:\/\/lopez.pl\/de\/lopez\/"},{"@type":"ListItem","position":2,"name":"Angebote","item":"https:\/\/lopez.pl\/de\/angebote\/"},{"@type":"ListItem","position":3,"name":"Holzt\u00fcren"}]},{"@type":"WebSite","@id":"https:\/\/lopez.pl\/de\/#website","url":"https:\/\/lopez.pl\/de\/","name":"Lopez.pl","description":"Stolarka okienna i drzwiowa","potentialAction":[{"@type":"SearchAction","target":{"@type":"EntryPoint","urlTemplate":"https:\/\/lopez.pl\/de\/?s={search_term_string}"},"query-input":{"@type":"PropertyValueSpecification","valueRequired":true,"valueName":"search_term_string"}}],"inLanguage":"de"}]}},"_links":{"self":[{"href":"https:\/\/lopez.pl\/de\/wp-json\/wp\/v2\/pages\/1858","targetHints":{"allow":["GET"]}}],"collection":[{"href":"https:\/\/lopez.pl\/de\/wp-json\/wp\/v2\/pages"}],"about":[{"href":"https:\/\/lopez.pl\/de\/wp-json\/wp\/v2\/types\/page"}],"author":[{"embeddable":true,"href":"https:\/\/lopez.pl\/de\/wp-json\/wp\/v2\/users\/1"}],"replies":[{"embeddable":true,"href":"https:\/\/lopez.pl\/de\/wp-json\/wp\/v2\/comments?post=1858"}],"version-history":[{"count":3,"href":"https:\/\/lopez.pl\/de\/wp-json\/wp\/v2\/pages\/1858\/revisions"}],"predecessor-version":[{"id":2705,"href":"https:\/\/lopez.pl\/de\/wp-json\/wp\/v2\/pages\/1858\/revisions\/2705"}],"up":[{"embeddable":true,"href":"https:\/\/lopez.pl\/de\/wp-json\/wp\/v2\/pages\/1789"}],"wp:attachment":[{"href":"https:\/\/lopez.pl\/de\/wp-json\/wp\/v2\/media?parent=1858"}],"curies":[{"name":"wp","href":"https:\/\/api.w.org\/{rel}","templated":true}]}}