{"id":1867,"date":"2017-11-23T10:11:07","date_gmt":"2017-11-23T09:11:07","guid":{"rendered":"http:\/\/lopez.chili.zgora.pl\/angebote\/wintergarten\/"},"modified":"2023-04-18T21:03:00","modified_gmt":"2023-04-18T19:03:00","slug":"wintergarten","status":"publish","type":"page","link":"https:\/\/lopez.pl\/de\/angebote\/wintergarten\/","title":{"rendered":"Winter\u00adg\u00e4rten"},"content":{"rendered":"[mk_page_section bg_position=&#8220;center center&#8220; bg_repeat=&#8220;no-repeat&#8220; bg_stretch=&#8220;true&#8220; min_height=&#8220;0&#8243; padding_top=&#8220;68&#8243; padding_bottom=&#8220;68&#8243; sidebar=&#8220;sidebar-1&#8243;][vc_column][mk_fancy_title tag_name=&#8220;h1&#8243; size=&#8220;42&#8243; font_weight=&#8220;bold&#8220; margin_bottom=&#8220;0&#8243; font_family=&#8220;none&#8220; responsive_align=&#8220;left&#8220;]Winter\u00adg\u00e4rten[\/mk_fancy_title][vc_column_text css=&#8220;.vc_custom_1511450480110{margin-bottom: 0px !important;}&#8220;]In unserem Angebot bieten wir Ihnen auch sehr sch\u00f6ne Winterg\u00e4rten an, die nicht nur das Haus vergr\u00f6\u00dfern, sondern auch einen sehr guten Einfluss auf Ihre Lebensqualit\u00e4t haben. Jeder Wintergarten wird auf Ihre individuellen W\u00fcnsche projektiert, und wird dadurch besonders und einmalig.[\/vc_column_text][\/vc_column][\/mk_page_section][mk_page_section bg_color=&#8220;#f5f5f5&#8243; bg_position=&#8220;center center&#8220; bg_repeat=&#8220;no-repeat&#8220; bg_stretch=&#8220;true&#8220; min_height=&#8220;0&#8243; padding_top=&#8220;68&#8243; padding_bottom=&#8220;68&#8243; sidebar=&#8220;sidebar-1&#8243;][vc_column][mk_portfolio style=&#8220;grid&#8220; hover_scenarios=&#8220;light-zoomin&#8220; grid_spacing=&#8220;15&#8243; column=&#8220;4&#8243; meta_type=&#8220;none&#8220; zoom_icon=&#8220;false&#8220; count=&#8220;-1&#8243; sortable=&#8220;false&#8220; sortable_all_text=&#8220;Alle&#8220; orderby=&#8220;menu_order&#8220; categories=&#8220;ogrody-zimowe&#8220;][\/vc_column][\/mk_page_section]\n","protected":false},"excerpt":{"rendered":"<p>[mk_page_section bg_position=&#8220;center center&#8220; bg_repeat=&#8220;no-repeat&#8220; bg_stretch=&#8220;true&#8220; min_height=&#8220;0&#8243; padding_top=&#8220;68&#8243; padding_bottom=&#8220;68&#8243; sidebar=&#8220;sidebar-1&#8243;][vc_column][mk_fancy_title tag_name=&#8220;h1&#8243; size=&#8220;42&#8243; font_weight=&#8220;bold&#8220; margin_bottom=&#8220;0&#8243; font_family=&#8220;none&#8220; responsive_align=&#8220;left&#8220;]Winter\u00adg\u00e4rten[\/mk_fancy_title][vc_column_text css=&#8220;.vc_custom_1511450480110{margin-bottom: 0px !important;}&#8220;]In unserem Angebot bieten wir Ihnen auch sehr sch\u00f6ne Winterg\u00e4rten an, die nicht nur das Haus vergr\u00f6\u00dfern, sondern auch einen sehr guten Einfluss auf Ihre Lebensqualit\u00e4t haben. Jeder Wintergarten wird auf Ihre individuellen W\u00fcnsche projektiert, und wird dadurch [&hellip;]<\/p>\n","protected":false},"author":1,"featured_media":0,"parent":1789,"menu_order":35,"comment_status":"closed","ping_status":"closed","template":"","meta":{"inline_featured_image":false,"footnotes":""},"class_list":["post-1867","page","type-page","status-publish","hentry"],"yoast_head":"<!-- This site is optimized with the Yoast SEO plugin v27.4 - https:\/\/yoast.com\/product\/yoast-seo-wordpress\/ -->\n<title>Winter\u00adg\u00e4rten &#8226; Lopez.pl<\/title>\n<meta name=\"description\" content=\"Wir bieten Ihnen auch sch\u00f6ne Winterg\u00e4rten, die nicht nur das Haus vergr\u00f6\u00dfern, sondern sich vor allem positiv auf unser Wohlbefinden auswirken.\" \/>\n<meta name=\"robots\" content=\"index, follow, max-snippet:-1, max-image-preview:large, max-video-preview:-1\" \/>\n<link rel=\"canonical\" href=\"https:\/\/lopez.pl\/de\/angebote\/wintergarten\/\" \/>\n<meta property=\"og:locale\" content=\"de_DE\" \/>\n<meta property=\"og:type\" content=\"article\" \/>\n<meta property=\"og:title\" content=\"Winter\u00adg\u00e4rten &#8226; Lopez.pl\" \/>\n<meta property=\"og:description\" content=\"Wir bieten Ihnen auch sch\u00f6ne Winterg\u00e4rten, die nicht nur das Haus vergr\u00f6\u00dfern, sondern sich vor allem positiv auf unser Wohlbefinden auswirken.\" \/>\n<meta property=\"og:url\" content=\"https:\/\/lopez.pl\/de\/angebote\/wintergarten\/\" \/>\n<meta property=\"og:site_name\" content=\"Lopez.pl\" \/>\n<meta property=\"article:modified_time\" content=\"2023-04-18T19:03:00+00:00\" \/>\n<meta name=\"twitter:card\" content=\"summary_large_image\" \/>\n<meta name=\"twitter:label1\" content=\"Gesch\u00e4tzte Lesezeit\" \/>\n\t<meta name=\"twitter:data1\" content=\"1\u00a0Minute\" \/>\n<script type=\"application\/ld+json\" class=\"yoast-schema-graph\">{\"@context\":\"https:\\\/\\\/schema.org\",\"@graph\":[{\"@type\":\"WebPage\",\"@id\":\"https:\\\/\\\/lopez.pl\\\/de\\\/angebote\\\/wintergarten\\\/\",\"url\":\"https:\\\/\\\/lopez.pl\\\/de\\\/angebote\\\/wintergarten\\\/\",\"name\":\"Winter\u00adg\u00e4rten &#8226; Lopez.pl\",\"isPartOf\":{\"@id\":\"https:\\\/\\\/lopez.pl\\\/de\\\/#website\"},\"datePublished\":\"2017-11-23T09:11:07+00:00\",\"dateModified\":\"2023-04-18T19:03:00+00:00\",\"description\":\"Wir bieten Ihnen auch sch\u00f6ne Winterg\u00e4rten, die nicht nur das Haus vergr\u00f6\u00dfern, sondern sich vor allem positiv auf unser Wohlbefinden auswirken.\",\"breadcrumb\":{\"@id\":\"https:\\\/\\\/lopez.pl\\\/de\\\/angebote\\\/wintergarten\\\/#breadcrumb\"},\"inLanguage\":\"de\",\"potentialAction\":[{\"@type\":\"ReadAction\",\"target\":[\"https:\\\/\\\/lopez.pl\\\/de\\\/angebote\\\/wintergarten\\\/\"]}]},{\"@type\":\"BreadcrumbList\",\"@id\":\"https:\\\/\\\/lopez.pl\\\/de\\\/angebote\\\/wintergarten\\\/#breadcrumb\",\"itemListElement\":[{\"@type\":\"ListItem\",\"position\":1,\"name\":\"Strona g\u0142\u00f3wna\",\"item\":\"https:\\\/\\\/lopez.pl\\\/de\\\/lopez\\\/\"},{\"@type\":\"ListItem\",\"position\":2,\"name\":\"Angebote\",\"item\":\"https:\\\/\\\/lopez.pl\\\/de\\\/angebote\\\/\"},{\"@type\":\"ListItem\",\"position\":3,\"name\":\"Winter\u00adg\u00e4rten\"}]},{\"@type\":\"WebSite\",\"@id\":\"https:\\\/\\\/lopez.pl\\\/de\\\/#website\",\"url\":\"https:\\\/\\\/lopez.pl\\\/de\\\/\",\"name\":\"Lopez.pl\",\"description\":\"Stolarka okienna i drzwiowa\",\"potentialAction\":[{\"@type\":\"SearchAction\",\"target\":{\"@type\":\"EntryPoint\",\"urlTemplate\":\"https:\\\/\\\/lopez.pl\\\/de\\\/?s={search_term_string}\"},\"query-input\":{\"@type\":\"PropertyValueSpecification\",\"valueRequired\":true,\"valueName\":\"search_term_string\"}}],\"inLanguage\":\"de\"}]}<\/script>\n<!-- \/ Yoast SEO plugin. -->","yoast_head_json":{"title":"Winter\u00adg\u00e4rten &#8226; Lopez.pl","description":"Wir bieten Ihnen auch sch\u00f6ne Winterg\u00e4rten, die nicht nur das Haus vergr\u00f6\u00dfern, sondern sich vor allem positiv auf unser Wohlbefinden auswirken.","robots":{"index":"index","follow":"follow","max-snippet":"max-snippet:-1","max-image-preview":"max-image-preview:large","max-video-preview":"max-video-preview:-1"},"canonical":"https:\/\/lopez.pl\/de\/angebote\/wintergarten\/","og_locale":"de_DE","og_type":"article","og_title":"Winter\u00adg\u00e4rten &#8226; Lopez.pl","og_description":"Wir bieten Ihnen auch sch\u00f6ne Winterg\u00e4rten, die nicht nur das Haus vergr\u00f6\u00dfern, sondern sich vor allem positiv auf unser Wohlbefinden auswirken.","og_url":"https:\/\/lopez.pl\/de\/angebote\/wintergarten\/","og_site_name":"Lopez.pl","article_modified_time":"2023-04-18T19:03:00+00:00","twitter_card":"summary_large_image","twitter_misc":{"Gesch\u00e4tzte Lesezeit":"1\u00a0Minute"},"schema":{"@context":"https:\/\/schema.org","@graph":[{"@type":"WebPage","@id":"https:\/\/lopez.pl\/de\/angebote\/wintergarten\/","url":"https:\/\/lopez.pl\/de\/angebote\/wintergarten\/","name":"Winter\u00adg\u00e4rten &#8226; Lopez.pl","isPartOf":{"@id":"https:\/\/lopez.pl\/de\/#website"},"datePublished":"2017-11-23T09:11:07+00:00","dateModified":"2023-04-18T19:03:00+00:00","description":"Wir bieten Ihnen auch sch\u00f6ne Winterg\u00e4rten, die nicht nur das Haus vergr\u00f6\u00dfern, sondern sich vor allem positiv auf unser Wohlbefinden auswirken.","breadcrumb":{"@id":"https:\/\/lopez.pl\/de\/angebote\/wintergarten\/#breadcrumb"},"inLanguage":"de","potentialAction":[{"@type":"ReadAction","target":["https:\/\/lopez.pl\/de\/angebote\/wintergarten\/"]}]},{"@type":"BreadcrumbList","@id":"https:\/\/lopez.pl\/de\/angebote\/wintergarten\/#breadcrumb","itemListElement":[{"@type":"ListItem","position":1,"name":"Strona g\u0142\u00f3wna","item":"https:\/\/lopez.pl\/de\/lopez\/"},{"@type":"ListItem","position":2,"name":"Angebote","item":"https:\/\/lopez.pl\/de\/angebote\/"},{"@type":"ListItem","position":3,"name":"Winter\u00adg\u00e4rten"}]},{"@type":"WebSite","@id":"https:\/\/lopez.pl\/de\/#website","url":"https:\/\/lopez.pl\/de\/","name":"Lopez.pl","description":"Stolarka okienna i drzwiowa","potentialAction":[{"@type":"SearchAction","target":{"@type":"EntryPoint","urlTemplate":"https:\/\/lopez.pl\/de\/?s={search_term_string}"},"query-input":{"@type":"PropertyValueSpecification","valueRequired":true,"valueName":"search_term_string"}}],"inLanguage":"de"}]}},"_links":{"self":[{"href":"https:\/\/lopez.pl\/de\/wp-json\/wp\/v2\/pages\/1867","targetHints":{"allow":["GET"]}}],"collection":[{"href":"https:\/\/lopez.pl\/de\/wp-json\/wp\/v2\/pages"}],"about":[{"href":"https:\/\/lopez.pl\/de\/wp-json\/wp\/v2\/types\/page"}],"author":[{"embeddable":true,"href":"https:\/\/lopez.pl\/de\/wp-json\/wp\/v2\/users\/1"}],"replies":[{"embeddable":true,"href":"https:\/\/lopez.pl\/de\/wp-json\/wp\/v2\/comments?post=1867"}],"version-history":[{"count":5,"href":"https:\/\/lopez.pl\/de\/wp-json\/wp\/v2\/pages\/1867\/revisions"}],"predecessor-version":[{"id":3024,"href":"https:\/\/lopez.pl\/de\/wp-json\/wp\/v2\/pages\/1867\/revisions\/3024"}],"up":[{"embeddable":true,"href":"https:\/\/lopez.pl\/de\/wp-json\/wp\/v2\/pages\/1789"}],"wp:attachment":[{"href":"https:\/\/lopez.pl\/de\/wp-json\/wp\/v2\/media?parent=1867"}],"curies":[{"name":"wp","href":"https:\/\/api.w.org\/{rel}","templated":true}]}}