{"id":1873,"date":"2017-11-23T10:11:24","date_gmt":"2017-11-23T09:11:24","guid":{"rendered":"http:\/\/lopez.chili.zgora.pl\/angebote\/treppen\/"},"modified":"2023-03-27T12:56:37","modified_gmt":"2023-03-27T10:56:37","slug":"treppen","status":"publish","type":"page","link":"https:\/\/lopez.pl\/de\/angebote\/treppen\/","title":{"rendered":"Treppen"},"content":{"rendered":"[mk_page_section bg_position=&#8220;center center&#8220; bg_repeat=&#8220;no-repeat&#8220; bg_stretch=&#8220;true&#8220; min_height=&#8220;0&#8243; padding_top=&#8220;68&#8243; padding_bottom=&#8220;68&#8243; sidebar=&#8220;sidebar-1&#8243;][vc_column][mk_fancy_title tag_name=&#8220;h1&#8243; size=&#8220;42&#8243; font_weight=&#8220;bold&#8220; margin_bottom=&#8220;0&#8243; font_family=&#8220;none&#8220; responsive_align=&#8220;left&#8220;]Treppen[\/mk_fancy_title][vc_column_text css=&#8220;.vc_custom_1511450761530{margin-bottom: 0px !important;}&#8220;]Wir bieten Ihnen sch\u00f6ne, praktische und benutzungsfreundliche Holztreppen an. Die Wahl kann aus verschiedenen verf\u00fcgbaren Mustern getroffen werden. Gleichzeitig sind wir offen f\u00fcr die individuellen W\u00fcnsche unserer Kunden.<\/p>\n<p>Bei der Fertigung der Holztreppen werden nur trockenes Holz und originale Klebestoffe verwendet. Die Treppen sind geschliffen und mit sehr harten Lacken spritzlackiert was eine langj\u00e4hrige Best\u00e4ndigkeit sichert.[\/vc_column_text][\/vc_column][\/mk_page_section][mk_page_section bg_color=&#8220;#f5f5f5&#8243; bg_position=&#8220;center center&#8220; bg_repeat=&#8220;no-repeat&#8220; bg_stretch=&#8220;true&#8220; min_height=&#8220;0&#8243; padding_top=&#8220;68&#8243; padding_bottom=&#8220;68&#8243; sidebar=&#8220;sidebar-1&#8243;][vc_column][mk_portfolio style=&#8220;grid&#8220; hover_scenarios=&#8220;light-zoomin&#8220; grid_spacing=&#8220;15&#8243; column=&#8220;2&#8243; zoom_icon=&#8220;false&#8220; count=&#8220;-1&#8243; sortable=&#8220;false&#8220; sortable_all_text=&#8220;Alle&#8220; order=&#8220;ASC&#8220; categories=&#8220;schody&#8220;][\/vc_column][\/mk_page_section]\n","protected":false},"excerpt":{"rendered":"<p>[mk_page_section bg_position=&#8220;center center&#8220; bg_repeat=&#8220;no-repeat&#8220; bg_stretch=&#8220;true&#8220; min_height=&#8220;0&#8243; padding_top=&#8220;68&#8243; padding_bottom=&#8220;68&#8243; sidebar=&#8220;sidebar-1&#8243;][vc_column][mk_fancy_title tag_name=&#8220;h1&#8243; size=&#8220;42&#8243; font_weight=&#8220;bold&#8220; margin_bottom=&#8220;0&#8243; font_family=&#8220;none&#8220; responsive_align=&#8220;left&#8220;]Treppen[\/mk_fancy_title][vc_column_text css=&#8220;.vc_custom_1511450761530{margin-bottom: 0px !important;}&#8220;]Wir bieten Ihnen sch\u00f6ne, praktische und benutzungsfreundliche Holztreppen an. Die Wahl kann aus verschiedenen verf\u00fcgbaren Mustern getroffen werden. Gleichzeitig sind wir offen f\u00fcr die individuellen W\u00fcnsche unserer Kunden. Bei der Fertigung der Holztreppen werden nur trockenes Holz und [&hellip;]<\/p>\n","protected":false},"author":1,"featured_media":2195,"parent":1789,"menu_order":36,"comment_status":"closed","ping_status":"closed","template":"","meta":{"inline_featured_image":false,"footnotes":""},"class_list":["post-1873","page","type-page","status-publish","has-post-thumbnail","hentry"],"yoast_head":"<!-- This site is optimized with the Yoast SEO plugin v27.4 - https:\/\/yoast.com\/product\/yoast-seo-wordpress\/ -->\n<title>Treppen &#8226; Lopez.pl. Stolarka okienna i drzwiowa.<\/title>\n<meta name=\"description\" content=\"Wir bieten Ihnen sch\u00f6ne, praktische und benutzungsfreundliche Holztreppen an. Gleichzeitig sind wir offen f\u00fcr die individuellen W\u00fcnsche unserer Kunden.\" \/>\n<meta name=\"robots\" content=\"index, follow, max-snippet:-1, max-image-preview:large, max-video-preview:-1\" \/>\n<link rel=\"canonical\" href=\"https:\/\/lopez.pl\/de\/angebote\/treppen\/\" \/>\n<meta property=\"og:locale\" content=\"de_DE\" \/>\n<meta property=\"og:type\" content=\"article\" \/>\n<meta property=\"og:title\" content=\"Treppen &#8226; Lopez.pl. Stolarka okienna i drzwiowa.\" \/>\n<meta property=\"og:description\" content=\"Wir bieten Ihnen sch\u00f6ne, praktische und benutzungsfreundliche Holztreppen an. Gleichzeitig sind wir offen f\u00fcr die individuellen W\u00fcnsche unserer Kunden.\" \/>\n<meta property=\"og:url\" content=\"https:\/\/lopez.pl\/de\/angebote\/treppen\/\" \/>\n<meta property=\"og:site_name\" content=\"Lopez.pl\" \/>\n<meta property=\"article:modified_time\" content=\"2023-03-27T10:56:37+00:00\" \/>\n<meta property=\"og:image\" content=\"https:\/\/lopez.pl\/wp-content\/uploads\/img-20170213-wa0003-1.jpg\" \/>\n\t<meta property=\"og:image:width\" content=\"1200\" \/>\n\t<meta property=\"og:image:height\" content=\"1600\" \/>\n\t<meta property=\"og:image:type\" content=\"image\/jpeg\" \/>\n<meta name=\"twitter:card\" content=\"summary_large_image\" \/>\n<meta name=\"twitter:label1\" content=\"Gesch\u00e4tzte Lesezeit\" \/>\n\t<meta name=\"twitter:data1\" content=\"1\u00a0Minute\" \/>\n<script type=\"application\/ld+json\" class=\"yoast-schema-graph\">{\"@context\":\"https:\\\/\\\/schema.org\",\"@graph\":[{\"@type\":\"WebPage\",\"@id\":\"https:\\\/\\\/lopez.pl\\\/de\\\/angebote\\\/treppen\\\/\",\"url\":\"https:\\\/\\\/lopez.pl\\\/de\\\/angebote\\\/treppen\\\/\",\"name\":\"Treppen &#8226; Lopez.pl. Stolarka okienna i drzwiowa.\",\"isPartOf\":{\"@id\":\"https:\\\/\\\/lopez.pl\\\/de\\\/#website\"},\"primaryImageOfPage\":{\"@id\":\"https:\\\/\\\/lopez.pl\\\/de\\\/angebote\\\/treppen\\\/#primaryimage\"},\"image\":{\"@id\":\"https:\\\/\\\/lopez.pl\\\/de\\\/angebote\\\/treppen\\\/#primaryimage\"},\"thumbnailUrl\":\"https:\\\/\\\/lopez.pl\\\/wp-content\\\/uploads\\\/img-20170213-wa0003-1.jpg\",\"datePublished\":\"2017-11-23T09:11:24+00:00\",\"dateModified\":\"2023-03-27T10:56:37+00:00\",\"description\":\"Wir bieten Ihnen sch\u00f6ne, praktische und benutzungsfreundliche Holztreppen an. Gleichzeitig sind wir offen f\u00fcr die individuellen W\u00fcnsche unserer Kunden.\",\"breadcrumb\":{\"@id\":\"https:\\\/\\\/lopez.pl\\\/de\\\/angebote\\\/treppen\\\/#breadcrumb\"},\"inLanguage\":\"de\",\"potentialAction\":[{\"@type\":\"ReadAction\",\"target\":[\"https:\\\/\\\/lopez.pl\\\/de\\\/angebote\\\/treppen\\\/\"]}]},{\"@type\":\"ImageObject\",\"inLanguage\":\"de\",\"@id\":\"https:\\\/\\\/lopez.pl\\\/de\\\/angebote\\\/treppen\\\/#primaryimage\",\"url\":\"https:\\\/\\\/lopez.pl\\\/wp-content\\\/uploads\\\/img-20170213-wa0003-1.jpg\",\"contentUrl\":\"https:\\\/\\\/lopez.pl\\\/wp-content\\\/uploads\\\/img-20170213-wa0003-1.jpg\",\"width\":\"1200\",\"height\":\"1600\"},{\"@type\":\"BreadcrumbList\",\"@id\":\"https:\\\/\\\/lopez.pl\\\/de\\\/angebote\\\/treppen\\\/#breadcrumb\",\"itemListElement\":[{\"@type\":\"ListItem\",\"position\":1,\"name\":\"Strona g\u0142\u00f3wna\",\"item\":\"https:\\\/\\\/lopez.pl\\\/de\\\/lopez\\\/\"},{\"@type\":\"ListItem\",\"position\":2,\"name\":\"Angebote\",\"item\":\"https:\\\/\\\/lopez.pl\\\/de\\\/angebote\\\/\"},{\"@type\":\"ListItem\",\"position\":3,\"name\":\"Treppen\"}]},{\"@type\":\"WebSite\",\"@id\":\"https:\\\/\\\/lopez.pl\\\/de\\\/#website\",\"url\":\"https:\\\/\\\/lopez.pl\\\/de\\\/\",\"name\":\"Lopez.pl\",\"description\":\"Stolarka okienna i drzwiowa\",\"potentialAction\":[{\"@type\":\"SearchAction\",\"target\":{\"@type\":\"EntryPoint\",\"urlTemplate\":\"https:\\\/\\\/lopez.pl\\\/de\\\/?s={search_term_string}\"},\"query-input\":{\"@type\":\"PropertyValueSpecification\",\"valueRequired\":true,\"valueName\":\"search_term_string\"}}],\"inLanguage\":\"de\"}]}<\/script>\n<!-- \/ Yoast SEO plugin. -->","yoast_head_json":{"title":"Treppen &#8226; Lopez.pl. Stolarka okienna i drzwiowa.","description":"Wir bieten Ihnen sch\u00f6ne, praktische und benutzungsfreundliche Holztreppen an. Gleichzeitig sind wir offen f\u00fcr die individuellen W\u00fcnsche unserer Kunden.","robots":{"index":"index","follow":"follow","max-snippet":"max-snippet:-1","max-image-preview":"max-image-preview:large","max-video-preview":"max-video-preview:-1"},"canonical":"https:\/\/lopez.pl\/de\/angebote\/treppen\/","og_locale":"de_DE","og_type":"article","og_title":"Treppen &#8226; Lopez.pl. Stolarka okienna i drzwiowa.","og_description":"Wir bieten Ihnen sch\u00f6ne, praktische und benutzungsfreundliche Holztreppen an. Gleichzeitig sind wir offen f\u00fcr die individuellen W\u00fcnsche unserer Kunden.","og_url":"https:\/\/lopez.pl\/de\/angebote\/treppen\/","og_site_name":"Lopez.pl","article_modified_time":"2023-03-27T10:56:37+00:00","og_image":[{"width":1200,"height":1600,"url":"https:\/\/lopez.pl\/wp-content\/uploads\/img-20170213-wa0003-1.jpg","type":"image\/jpeg"}],"twitter_card":"summary_large_image","twitter_misc":{"Gesch\u00e4tzte Lesezeit":"1\u00a0Minute"},"schema":{"@context":"https:\/\/schema.org","@graph":[{"@type":"WebPage","@id":"https:\/\/lopez.pl\/de\/angebote\/treppen\/","url":"https:\/\/lopez.pl\/de\/angebote\/treppen\/","name":"Treppen &#8226; Lopez.pl. Stolarka okienna i drzwiowa.","isPartOf":{"@id":"https:\/\/lopez.pl\/de\/#website"},"primaryImageOfPage":{"@id":"https:\/\/lopez.pl\/de\/angebote\/treppen\/#primaryimage"},"image":{"@id":"https:\/\/lopez.pl\/de\/angebote\/treppen\/#primaryimage"},"thumbnailUrl":"https:\/\/lopez.pl\/wp-content\/uploads\/img-20170213-wa0003-1.jpg","datePublished":"2017-11-23T09:11:24+00:00","dateModified":"2023-03-27T10:56:37+00:00","description":"Wir bieten Ihnen sch\u00f6ne, praktische und benutzungsfreundliche Holztreppen an. Gleichzeitig sind wir offen f\u00fcr die individuellen W\u00fcnsche unserer Kunden.","breadcrumb":{"@id":"https:\/\/lopez.pl\/de\/angebote\/treppen\/#breadcrumb"},"inLanguage":"de","potentialAction":[{"@type":"ReadAction","target":["https:\/\/lopez.pl\/de\/angebote\/treppen\/"]}]},{"@type":"ImageObject","inLanguage":"de","@id":"https:\/\/lopez.pl\/de\/angebote\/treppen\/#primaryimage","url":"https:\/\/lopez.pl\/wp-content\/uploads\/img-20170213-wa0003-1.jpg","contentUrl":"https:\/\/lopez.pl\/wp-content\/uploads\/img-20170213-wa0003-1.jpg","width":"1200","height":"1600"},{"@type":"BreadcrumbList","@id":"https:\/\/lopez.pl\/de\/angebote\/treppen\/#breadcrumb","itemListElement":[{"@type":"ListItem","position":1,"name":"Strona g\u0142\u00f3wna","item":"https:\/\/lopez.pl\/de\/lopez\/"},{"@type":"ListItem","position":2,"name":"Angebote","item":"https:\/\/lopez.pl\/de\/angebote\/"},{"@type":"ListItem","position":3,"name":"Treppen"}]},{"@type":"WebSite","@id":"https:\/\/lopez.pl\/de\/#website","url":"https:\/\/lopez.pl\/de\/","name":"Lopez.pl","description":"Stolarka okienna i drzwiowa","potentialAction":[{"@type":"SearchAction","target":{"@type":"EntryPoint","urlTemplate":"https:\/\/lopez.pl\/de\/?s={search_term_string}"},"query-input":{"@type":"PropertyValueSpecification","valueRequired":true,"valueName":"search_term_string"}}],"inLanguage":"de"}]}},"_links":{"self":[{"href":"https:\/\/lopez.pl\/de\/wp-json\/wp\/v2\/pages\/1873","targetHints":{"allow":["GET"]}}],"collection":[{"href":"https:\/\/lopez.pl\/de\/wp-json\/wp\/v2\/pages"}],"about":[{"href":"https:\/\/lopez.pl\/de\/wp-json\/wp\/v2\/types\/page"}],"author":[{"embeddable":true,"href":"https:\/\/lopez.pl\/de\/wp-json\/wp\/v2\/users\/1"}],"replies":[{"embeddable":true,"href":"https:\/\/lopez.pl\/de\/wp-json\/wp\/v2\/comments?post=1873"}],"version-history":[{"count":3,"href":"https:\/\/lopez.pl\/de\/wp-json\/wp\/v2\/pages\/1873\/revisions"}],"predecessor-version":[{"id":2713,"href":"https:\/\/lopez.pl\/de\/wp-json\/wp\/v2\/pages\/1873\/revisions\/2713"}],"up":[{"embeddable":true,"href":"https:\/\/lopez.pl\/de\/wp-json\/wp\/v2\/pages\/1789"}],"wp:featuredmedia":[{"embeddable":true,"href":"https:\/\/lopez.pl\/de\/wp-json\/wp\/v2\/media\/2195"}],"wp:attachment":[{"href":"https:\/\/lopez.pl\/de\/wp-json\/wp\/v2\/media?parent=1873"}],"curies":[{"name":"wp","href":"https:\/\/api.w.org\/{rel}","templated":true}]}}