{"id":1879,"date":"2017-11-23T10:11:53","date_gmt":"2017-11-23T09:11:53","guid":{"rendered":"http:\/\/lopez.chili.zgora.pl\/angebote\/zaune\/"},"modified":"2023-03-27T13:00:49","modified_gmt":"2023-03-27T11:00:49","slug":"zaune","status":"publish","type":"page","link":"https:\/\/lopez.pl\/de\/angebote\/zaune\/","title":{"rendered":"Z\u00e4une"},"content":{"rendered":"[mk_page_section bg_position=&#8220;center center&#8220; bg_repeat=&#8220;no-repeat&#8220; bg_stretch=&#8220;true&#8220; min_height=&#8220;0&#8243; padding_top=&#8220;68&#8243; padding_bottom=&#8220;68&#8243; sidebar=&#8220;sidebar-1&#8243;][vc_column][mk_fancy_title tag_name=&#8220;h1&#8243; size=&#8220;42&#8243; font_weight=&#8220;bold&#8220; margin_bottom=&#8220;00&#8243; font_family=&#8220;none&#8220; responsive_align=&#8220;left&#8220;]Z\u00e4une[\/mk_fancy_title][vc_column_text css=&#8220;.vc_custom_1511450879900{margin-bottom: 0px !important;}&#8220;]In unserem Angebot bieten wir Ihnen auch Z\u00e4une an:<\/p>\n<ul>\n<li>Z\u00e4une, Tore, Gartent\u00fcren<\/li>\n<li>Torautomatik<\/li>\n<li>Terrassen und Treppengel\u00e4nder individuell gefertigt aus einfachem Stahl, Edelstahl, sicherem Glas<\/li>\n<li>als auch verschiedene andere Stahlkonstruktionen<\/li>\n<\/ul>\n<p>Alle Produkte werden gegen Korrosion durch Feuerverzinkung und Pulverbeschichtung zus\u00e4tzlich zu der Farbe nach Wunsch des Kunden gesch\u00fctzt.[\/vc_column_text][\/vc_column][\/mk_page_section][mk_page_section bg_color=&#8220;#f5f5f5&#8243; bg_position=&#8220;center center&#8220; bg_repeat=&#8220;no-repeat&#8220; bg_stretch=&#8220;true&#8220; min_height=&#8220;0&#8243; padding_top=&#8220;68&#8243; padding_bottom=&#8220;68&#8243; sidebar=&#8220;sidebar-1&#8243;][vc_column][mk_portfolio style=&#8220;grid&#8220; hover_scenarios=&#8220;light-zoomin&#8220; grid_spacing=&#8220;15&#8243; column=&#8220;2&#8243; zoom_icon=&#8220;false&#8220; count=&#8220;-1&#8243; sortable=&#8220;false&#8220; sortable_all_text=&#8220;Alle&#8220; order=&#8220;ASC&#8220; categories=&#8220;ogrodzenia&#8220;][\/vc_column][\/mk_page_section]\n","protected":false},"excerpt":{"rendered":"<p>[mk_page_section bg_position=&#8220;center center&#8220; bg_repeat=&#8220;no-repeat&#8220; bg_stretch=&#8220;true&#8220; min_height=&#8220;0&#8243; padding_top=&#8220;68&#8243; padding_bottom=&#8220;68&#8243; sidebar=&#8220;sidebar-1&#8243;][vc_column][mk_fancy_title tag_name=&#8220;h1&#8243; size=&#8220;42&#8243; font_weight=&#8220;bold&#8220; margin_bottom=&#8220;00&#8243; font_family=&#8220;none&#8220; responsive_align=&#8220;left&#8220;]Z\u00e4une[\/mk_fancy_title][vc_column_text css=&#8220;.vc_custom_1511450879900{margin-bottom: 0px !important;}&#8220;]In unserem Angebot bieten wir Ihnen auch Z\u00e4une an: Z\u00e4une, Tore, Gartent\u00fcren Torautomatik Terrassen und Treppengel\u00e4nder individuell gefertigt aus einfachem Stahl, Edelstahl, sicherem Glas als auch verschiedene andere Stahlkonstruktionen Alle Produkte werden gegen Korrosion durch Feuerverzinkung und Pulverbeschichtung [&hellip;]<\/p>\n","protected":false},"author":1,"featured_media":0,"parent":1789,"menu_order":37,"comment_status":"closed","ping_status":"closed","template":"","meta":{"inline_featured_image":false,"footnotes":""},"class_list":["post-1879","page","type-page","status-publish","hentry"],"yoast_head":"<!-- This site is optimized with the Yoast SEO plugin v27.4 - https:\/\/yoast.com\/product\/yoast-seo-wordpress\/ -->\n<title>Z\u00e4une &#8226; Lopez.pl<\/title>\n<meta name=\"description\" content=\"In unserem Angebot bieten wir Ihnen auch Z\u00e4une an: Z\u00e4une, Tore, Gartent\u00fcren, Torautomatik, Terrassen und Treppengel\u00e4nder.\" \/>\n<meta name=\"robots\" content=\"index, follow, max-snippet:-1, max-image-preview:large, max-video-preview:-1\" \/>\n<link rel=\"canonical\" href=\"https:\/\/lopez.pl\/de\/angebote\/zaune\/\" \/>\n<meta property=\"og:locale\" content=\"de_DE\" \/>\n<meta property=\"og:type\" content=\"article\" \/>\n<meta property=\"og:title\" content=\"Z\u00e4une &#8226; Lopez.pl\" \/>\n<meta property=\"og:description\" content=\"In unserem Angebot bieten wir Ihnen auch Z\u00e4une an: Z\u00e4une, Tore, Gartent\u00fcren, Torautomatik, Terrassen und Treppengel\u00e4nder.\" \/>\n<meta property=\"og:url\" content=\"https:\/\/lopez.pl\/de\/angebote\/zaune\/\" \/>\n<meta property=\"og:site_name\" content=\"Lopez.pl\" \/>\n<meta property=\"article:modified_time\" content=\"2023-03-27T11:00:49+00:00\" \/>\n<meta name=\"twitter:card\" content=\"summary_large_image\" \/>\n<meta name=\"twitter:label1\" content=\"Gesch\u00e4tzte Lesezeit\" \/>\n\t<meta name=\"twitter:data1\" content=\"1\u00a0Minute\" \/>\n<script type=\"application\/ld+json\" class=\"yoast-schema-graph\">{\"@context\":\"https:\\\/\\\/schema.org\",\"@graph\":[{\"@type\":\"WebPage\",\"@id\":\"https:\\\/\\\/lopez.pl\\\/de\\\/angebote\\\/zaune\\\/\",\"url\":\"https:\\\/\\\/lopez.pl\\\/de\\\/angebote\\\/zaune\\\/\",\"name\":\"Z\u00e4une &#8226; Lopez.pl\",\"isPartOf\":{\"@id\":\"https:\\\/\\\/lopez.pl\\\/de\\\/#website\"},\"datePublished\":\"2017-11-23T09:11:53+00:00\",\"dateModified\":\"2023-03-27T11:00:49+00:00\",\"description\":\"In unserem Angebot bieten wir Ihnen auch Z\u00e4une an: Z\u00e4une, Tore, Gartent\u00fcren, Torautomatik, Terrassen und Treppengel\u00e4nder.\",\"breadcrumb\":{\"@id\":\"https:\\\/\\\/lopez.pl\\\/de\\\/angebote\\\/zaune\\\/#breadcrumb\"},\"inLanguage\":\"de\",\"potentialAction\":[{\"@type\":\"ReadAction\",\"target\":[\"https:\\\/\\\/lopez.pl\\\/de\\\/angebote\\\/zaune\\\/\"]}]},{\"@type\":\"BreadcrumbList\",\"@id\":\"https:\\\/\\\/lopez.pl\\\/de\\\/angebote\\\/zaune\\\/#breadcrumb\",\"itemListElement\":[{\"@type\":\"ListItem\",\"position\":1,\"name\":\"Strona g\u0142\u00f3wna\",\"item\":\"https:\\\/\\\/lopez.pl\\\/de\\\/lopez\\\/\"},{\"@type\":\"ListItem\",\"position\":2,\"name\":\"Angebote\",\"item\":\"https:\\\/\\\/lopez.pl\\\/de\\\/angebote\\\/\"},{\"@type\":\"ListItem\",\"position\":3,\"name\":\"Z\u00e4une\"}]},{\"@type\":\"WebSite\",\"@id\":\"https:\\\/\\\/lopez.pl\\\/de\\\/#website\",\"url\":\"https:\\\/\\\/lopez.pl\\\/de\\\/\",\"name\":\"Lopez.pl\",\"description\":\"Stolarka okienna i drzwiowa\",\"potentialAction\":[{\"@type\":\"SearchAction\",\"target\":{\"@type\":\"EntryPoint\",\"urlTemplate\":\"https:\\\/\\\/lopez.pl\\\/de\\\/?s={search_term_string}\"},\"query-input\":{\"@type\":\"PropertyValueSpecification\",\"valueRequired\":true,\"valueName\":\"search_term_string\"}}],\"inLanguage\":\"de\"}]}<\/script>\n<!-- \/ Yoast SEO plugin. -->","yoast_head_json":{"title":"Z\u00e4une &#8226; Lopez.pl","description":"In unserem Angebot bieten wir Ihnen auch Z\u00e4une an: Z\u00e4une, Tore, Gartent\u00fcren, Torautomatik, Terrassen und Treppengel\u00e4nder.","robots":{"index":"index","follow":"follow","max-snippet":"max-snippet:-1","max-image-preview":"max-image-preview:large","max-video-preview":"max-video-preview:-1"},"canonical":"https:\/\/lopez.pl\/de\/angebote\/zaune\/","og_locale":"de_DE","og_type":"article","og_title":"Z\u00e4une &#8226; Lopez.pl","og_description":"In unserem Angebot bieten wir Ihnen auch Z\u00e4une an: Z\u00e4une, Tore, Gartent\u00fcren, Torautomatik, Terrassen und Treppengel\u00e4nder.","og_url":"https:\/\/lopez.pl\/de\/angebote\/zaune\/","og_site_name":"Lopez.pl","article_modified_time":"2023-03-27T11:00:49+00:00","twitter_card":"summary_large_image","twitter_misc":{"Gesch\u00e4tzte Lesezeit":"1\u00a0Minute"},"schema":{"@context":"https:\/\/schema.org","@graph":[{"@type":"WebPage","@id":"https:\/\/lopez.pl\/de\/angebote\/zaune\/","url":"https:\/\/lopez.pl\/de\/angebote\/zaune\/","name":"Z\u00e4une &#8226; Lopez.pl","isPartOf":{"@id":"https:\/\/lopez.pl\/de\/#website"},"datePublished":"2017-11-23T09:11:53+00:00","dateModified":"2023-03-27T11:00:49+00:00","description":"In unserem Angebot bieten wir Ihnen auch Z\u00e4une an: Z\u00e4une, Tore, Gartent\u00fcren, Torautomatik, Terrassen und Treppengel\u00e4nder.","breadcrumb":{"@id":"https:\/\/lopez.pl\/de\/angebote\/zaune\/#breadcrumb"},"inLanguage":"de","potentialAction":[{"@type":"ReadAction","target":["https:\/\/lopez.pl\/de\/angebote\/zaune\/"]}]},{"@type":"BreadcrumbList","@id":"https:\/\/lopez.pl\/de\/angebote\/zaune\/#breadcrumb","itemListElement":[{"@type":"ListItem","position":1,"name":"Strona g\u0142\u00f3wna","item":"https:\/\/lopez.pl\/de\/lopez\/"},{"@type":"ListItem","position":2,"name":"Angebote","item":"https:\/\/lopez.pl\/de\/angebote\/"},{"@type":"ListItem","position":3,"name":"Z\u00e4une"}]},{"@type":"WebSite","@id":"https:\/\/lopez.pl\/de\/#website","url":"https:\/\/lopez.pl\/de\/","name":"Lopez.pl","description":"Stolarka okienna i drzwiowa","potentialAction":[{"@type":"SearchAction","target":{"@type":"EntryPoint","urlTemplate":"https:\/\/lopez.pl\/de\/?s={search_term_string}"},"query-input":{"@type":"PropertyValueSpecification","valueRequired":true,"valueName":"search_term_string"}}],"inLanguage":"de"}]}},"_links":{"self":[{"href":"https:\/\/lopez.pl\/de\/wp-json\/wp\/v2\/pages\/1879","targetHints":{"allow":["GET"]}}],"collection":[{"href":"https:\/\/lopez.pl\/de\/wp-json\/wp\/v2\/pages"}],"about":[{"href":"https:\/\/lopez.pl\/de\/wp-json\/wp\/v2\/types\/page"}],"author":[{"embeddable":true,"href":"https:\/\/lopez.pl\/de\/wp-json\/wp\/v2\/users\/1"}],"replies":[{"embeddable":true,"href":"https:\/\/lopez.pl\/de\/wp-json\/wp\/v2\/comments?post=1879"}],"version-history":[{"count":3,"href":"https:\/\/lopez.pl\/de\/wp-json\/wp\/v2\/pages\/1879\/revisions"}],"predecessor-version":[{"id":2717,"href":"https:\/\/lopez.pl\/de\/wp-json\/wp\/v2\/pages\/1879\/revisions\/2717"}],"up":[{"embeddable":true,"href":"https:\/\/lopez.pl\/de\/wp-json\/wp\/v2\/pages\/1789"}],"wp:attachment":[{"href":"https:\/\/lopez.pl\/de\/wp-json\/wp\/v2\/media?parent=1879"}],"curies":[{"name":"wp","href":"https:\/\/api.w.org\/{rel}","templated":true}]}}