{"id":1900,"date":"2017-11-29T10:49:35","date_gmt":"2017-11-29T09:49:35","guid":{"rendered":"http:\/\/lopez.chili.zgora.pl\/kostenloser-kostenvoranschlag\/"},"modified":"2023-03-27T14:00:13","modified_gmt":"2023-03-27T12:00:13","slug":"kostenloser-kostenvoranschlag","status":"publish","type":"page","link":"https:\/\/lopez.pl\/de\/kostenloser-kostenvoranschlag\/","title":{"rendered":"Kostenloser Kostenvoranschlag"},"content":{"rendered":"<div class=\"wpb-content-wrapper\">[mk_page_section bg_color=&#8220;#0b4a63&#8243; sidebar=&#8220;sidebar-1&#8243;][vc_column][mk_page_title_box page_title=&#8220;Kostenloser Kostenvoranschlag&#8220; page_subtitle=&#8220;Kontaktieren Sie uns und wir werden ein kostenloses Angebot machen&#8220; bg_type=&#8220;color&#8220; bg_color=&#8220;#0b4a63&#8243; font_size=&#8220;42&#8243; title_letter_spacing=&#8220;1&#8243; font_color=&#8220;#ffffff&#8220; font_weight=&#8220;bold&#8220; sub_font_size=&#8220;26&#8243; sub_font_color=&#8220;#ffffff&#8220;][\/vc_column][\/mk_page_section][mk_page_section bg_position=&#8220;center center&#8220; bg_repeat=&#8220;no-repeat&#8220; bg_stretch=&#8220;true&#8220; min_height=&#8220;0&#8243; padding_top=&#8220;110&#8243; padding_bottom=&#8220;26&#8243; sidebar=&#8220;sidebar-1&#8243;][vc_column][vc_row_inner attached=&#8220;true&#8220;][vc_column_inner width=&#8220;1\/3&#8243; offset=&#8220;vc_col-md-2&#8243;][mk_image src=&#8220;https:\/\/lopez.pl\/wp-content\/uploads\/lopez_logo-big-lite.svg&#8220; image_size=&#8220;full&#8220; margin_bottom=&#8220;42&#8243;][\/vc_column_inner][vc_column_inner width=&#8220;1\/3&#8243; offset=&#8220;vc_col-md-2&#8243;][vc_column_text css=&#8220;.vc_custom_1512738722401{margin-bottom: 0px !important;}&#8220;]ul. Jagodowa 1<br \/>\n66-008 Wilkanowo<\/p>\n<p><strong>NIP<\/strong> PL9291018379<br \/>\n<strong>REGON<\/strong> 970446182[\/vc_column_text][\/vc_column_inner][vc_column_inner width=&#8220;1\/3&#8243; offset=&#8220;vc_col-md-8&#8243;][mk_icon_box2 icon_size=&#8220;32&#8243; icon=&#8220;mk-icon-phone&#8220; icon_color=&#8220;#0b4a63&#8243; title=&#8220;+48 68 323 71 62&#8243; title_size=&#8220;26&#8243; title_weight=&#8220;bold&#8220; title_top_padding=&#8220;0&#8243; title_bottom_padding=&#8220;20&#8243; align=&#8220;left&#8220; read_more_url=&#8220;tel:+48683237162&#8243;]<strong>T\/F:<\/strong> +48 68 323 71 62<strong><br \/>\nM:<\/strong> +48 609 191 840<br \/>\n<strong>M:<\/strong> +48 605 270 444<br \/>\n<strong>M:<\/strong> +49 1525 6225369[\/mk_icon_box2][mk_icon_box2 icon_size=&#8220;32&#8243; icon=&#8220;mk-icon-envelope&#8220; icon_color=&#8220;#0b4a63&#8243; title=&#8220;l&#111;&#x70;&#x65;z&#64;&#108;&#x6f;&#x70;e&#122;&#x2e;&#x70;l&#8220; title_size=&#8220;26&#8243; title_weight=&#8220;bold&#8220; align=&#8220;left&#8220; read_more_url=&#8220;&#109;&#x61;&#105;&#x6c;&#116;&#x6f;:&#x6c;o&#112;&#x65;&#122;&#x40;&#108;&#x6f;p&#x65;z&#46;&#x70;&#108;&#8220; el_class=&#8220;email&#8220;][\/mk_icon_box2][\/vc_column_inner][\/vc_row_inner][mk_padding_divider size=&#8220;42&#8243;][mk_fancy_title size=&#8220;26&#8243; font_weight=&#8220;bold&#8220; margin_bottom=&#8220;10&#8243; font_family=&#8220;none&#8220; responsive_align=&#8220;left&#8220;]Schneller Kontakt:[\/mk_fancy_title]\n<div class=\"wpcf7 no-js\" id=\"wpcf7-f2725-o1\" lang=\"de-DE\" dir=\"ltr\" data-wpcf7-id=\"2725\">\n<div class=\"screen-reader-response\"><p role=\"status\" aria-live=\"polite\" aria-atomic=\"true\"><\/p> <ul><\/ul><\/div>\n<form action=\"\/de\/wp-json\/wp\/v2\/pages\/1900#wpcf7-f2725-o1\" method=\"post\" class=\"wpcf7-form init\" aria-label=\"Kontaktformular\" novalidate=\"novalidate\" data-status=\"init\">\n<fieldset class=\"hidden-fields-container\"><input type=\"hidden\" name=\"_wpcf7\" value=\"2725\" \/><input type=\"hidden\" name=\"_wpcf7_version\" value=\"6.1.5\" \/><input type=\"hidden\" name=\"_wpcf7_locale\" value=\"de_DE\" \/><input type=\"hidden\" name=\"_wpcf7_unit_tag\" value=\"wpcf7-f2725-o1\" \/><input type=\"hidden\" name=\"_wpcf7_container_post\" value=\"0\" \/><input type=\"hidden\" name=\"_wpcf7_posted_data_hash\" value=\"\" \/><input type=\"hidden\" name=\"_wpcf7_recaptcha_response\" value=\"\" \/>\n<\/fieldset>\n<p><span class=\"wpcf7-form-control-wrap\" data-name=\"imie-nazwisko\"><input size=\"40\" maxlength=\"400\" class=\"wpcf7-form-control wpcf7-text wpcf7-validates-as-required\" aria-required=\"true\" aria-invalid=\"false\" placeholder=\"Name*\" value=\"\" type=\"text\" name=\"imie-nazwisko\" \/><\/span>\n<\/p>\n<p><span class=\"wpcf7-form-control-wrap\" data-name=\"email\"><input size=\"40\" maxlength=\"400\" class=\"wpcf7-form-control wpcf7-email wpcf7-validates-as-required wpcf7-text wpcf7-validates-as-email\" aria-required=\"true\" aria-invalid=\"false\" placeholder=\"Email*\" value=\"\" type=\"email\" name=\"email\" \/><\/span>\n<\/p>\n<p><span class=\"wpcf7-form-control-wrap\" data-name=\"telefon\"><input size=\"40\" maxlength=\"400\" class=\"wpcf7-form-control wpcf7-tel wpcf7-text wpcf7-validates-as-tel\" aria-invalid=\"false\" placeholder=\"Telefonnummer\" value=\"\" type=\"tel\" name=\"telefon\" \/><\/span>\n<\/p>\n<p><span class=\"wpcf7-form-control-wrap\" data-name=\"wiadomosc\"><textarea cols=\"40\" rows=\"10\" maxlength=\"2000\" class=\"wpcf7-form-control wpcf7-textarea\" aria-invalid=\"false\" placeholder=\"Nachricht*\" name=\"wiadomosc\"><\/textarea><\/span>\n<\/p>\n<p class=\"maczkiem\"><span class=\"wpcf7-form-control-wrap\" data-name=\"zgoda\"><span class=\"wpcf7-form-control wpcf7-acceptance\"><span class=\"wpcf7-list-item\"><input type=\"checkbox\" name=\"zgoda\" value=\"1\" checked=\"checked\" aria-invalid=\"false\" \/><\/span><\/span><\/span> Ich bin damit einverstanden, dass die Firma LOPEZ mit Sitz in Wilkan\u00f3w, Ul. Jagodowa 1, 66-008 Wilkanowo die von mir \u00fcber das Formular gesendeten pers\u00f6nlichen Daten f\u00fcr Kontaktzwecke mit mir nutzen darf.\n<\/p>\n<p><input class=\"wpcf7-form-control wpcf7-submit has-spinner\" type=\"submit\" value=\"Wy\u015blij\" \/>\n<\/p><div class=\"wpcf7-response-output\" aria-hidden=\"true\"><\/div>\n<\/form>\n<\/div>\n[\/vc_column][\/mk_page_section]\n<\/div>","protected":false},"excerpt":{"rendered":"<p>[mk_page_section bg_color=&#8220;#0b4a63&#8243; sidebar=&#8220;sidebar-1&#8243;][vc_column][mk_page_title_box page_title=&#8220;Kostenloser Kostenvoranschlag&#8220; page_subtitle=&#8220;Kontaktieren Sie uns und wir werden ein kostenloses Angebot machen&#8220; bg_type=&#8220;color&#8220; bg_color=&#8220;#0b4a63&#8243; font_size=&#8220;42&#8243; title_letter_spacing=&#8220;1&#8243; font_color=&#8220;#ffffff&#8220; font_weight=&#8220;bold&#8220; sub_font_size=&#8220;26&#8243; sub_font_color=&#8220;#ffffff&#8220;][\/vc_column][\/mk_page_section][mk_page_section bg_position=&#8220;center center&#8220; bg_repeat=&#8220;no-repeat&#8220; bg_stretch=&#8220;true&#8220; min_height=&#8220;0&#8243; padding_top=&#8220;110&#8243; padding_bottom=&#8220;26&#8243; sidebar=&#8220;sidebar-1&#8243;][vc_column][vc_row_inner attached=&#8220;true&#8220;][vc_column_inner width=&#8220;1\/3&#8243; offset=&#8220;vc_col-md-2&#8243;][mk_image src=&#8220;https:\/\/lopez.pl\/wp-content\/uploads\/lopez_logo-big-lite.svg&#8220; image_size=&#8220;full&#8220; margin_bottom=&#8220;42&#8243;][\/vc_column_inner][vc_column_inner width=&#8220;1\/3&#8243; offset=&#8220;vc_col-md-2&#8243;][vc_column_text css=&#8220;.vc_custom_1512738722401{margin-bottom: 0px !important;}&#8220;]ul. Jagodowa 1 66-008 Wilkanowo NIP PL9291018379 REGON 970446182[\/vc_column_text][\/vc_column_inner][vc_column_inner width=&#8220;1\/3&#8243; offset=&#8220;vc_col-md-8&#8243;][mk_icon_box2 icon_size=&#8220;32&#8243; icon=&#8220;mk-icon-phone&#8220; icon_color=&#8220;#0b4a63&#8243; [&hellip;]<\/p>\n","protected":false},"author":1,"featured_media":0,"parent":0,"menu_order":5,"comment_status":"closed","ping_status":"closed","template":"","meta":{"inline_featured_image":false,"footnotes":""},"class_list":["post-1900","page","type-page","status-publish","hentry"],"yoast_head":"<!-- This site is optimized with the Yoast SEO plugin v27.4 - https:\/\/yoast.com\/product\/yoast-seo-wordpress\/ -->\n<title>Kostenloser Kostenvoranschlag &#8226; Lopez.pl<\/title>\n<meta name=\"robots\" content=\"index, follow, max-snippet:-1, max-image-preview:large, max-video-preview:-1\" \/>\n<link rel=\"canonical\" href=\"https:\/\/lopez.pl\/de\/kostenloser-kostenvoranschlag\/\" \/>\n<meta property=\"og:locale\" content=\"de_DE\" \/>\n<meta property=\"og:type\" content=\"article\" \/>\n<meta property=\"og:title\" content=\"Kostenloser Kostenvoranschlag &#8226; Lopez.pl\" \/>\n<meta property=\"og:description\" content=\"[mk_page_section bg_color=&#8220;#0b4a63&#8243; sidebar=&#8220;sidebar-1&#8243;][vc_column][mk_page_title_box page_title=&#8220;Kostenloser Kostenvoranschlag&#8220; page_subtitle=&#8220;Kontaktieren Sie uns und wir werden ein kostenloses Angebot machen&#8220; bg_type=&#8220;color&#8220; bg_color=&#8220;#0b4a63&#8243; font_size=&#8220;42&#8243; title_letter_spacing=&#8220;1&#8243; font_color=&#8220;#ffffff&#8220; font_weight=&#8220;bold&#8220; sub_font_size=&#8220;26&#8243; sub_font_color=&#8220;#ffffff&#8220;][\/vc_column][\/mk_page_section][mk_page_section bg_position=&#8220;center center&#8220; bg_repeat=&#8220;no-repeat&#8220; bg_stretch=&#8220;true&#8220; min_height=&#8220;0&#8243; padding_top=&#8220;110&#8243; padding_bottom=&#8220;26&#8243; sidebar=&#8220;sidebar-1&#8243;][vc_column][vc_row_inner attached=&#8220;true&#8220;][vc_column_inner width=&#8220;1\/3&#8243; offset=&#8220;vc_col-md-2&#8243;][mk_image src=&#8220;https:\/\/lopez.pl\/wp-content\/uploads\/lopez_logo-big-lite.svg&#8220; image_size=&#8220;full&#8220; margin_bottom=&#8220;42&#8243;][\/vc_column_inner][vc_column_inner width=&#8220;1\/3&#8243; offset=&#8220;vc_col-md-2&#8243;][vc_column_text css=&#8220;.vc_custom_1512738722401{margin-bottom: 0px !important;}&#8220;]ul. Jagodowa 1 66-008 Wilkanowo NIP PL9291018379 REGON 970446182[\/vc_column_text][\/vc_column_inner][vc_column_inner width=&#8220;1\/3&#8243; offset=&#8220;vc_col-md-8&#8243;][mk_icon_box2 icon_size=&#8220;32&#8243; icon=&#8220;mk-icon-phone&#8220; icon_color=&#8220;#0b4a63&#8243; [&hellip;]\" \/>\n<meta property=\"og:url\" content=\"https:\/\/lopez.pl\/de\/kostenloser-kostenvoranschlag\/\" \/>\n<meta property=\"og:site_name\" content=\"Lopez.pl\" \/>\n<meta property=\"article:modified_time\" content=\"2023-03-27T12:00:13+00:00\" \/>\n<meta name=\"twitter:card\" content=\"summary_large_image\" \/>\n<meta name=\"twitter:label1\" content=\"Gesch\u00e4tzte Lesezeit\" \/>\n\t<meta name=\"twitter:data1\" content=\"1\u00a0Minute\" \/>\n<script type=\"application\/ld+json\" class=\"yoast-schema-graph\">{\"@context\":\"https:\\\/\\\/schema.org\",\"@graph\":[{\"@type\":\"WebPage\",\"@id\":\"https:\\\/\\\/lopez.pl\\\/de\\\/kostenloser-kostenvoranschlag\\\/\",\"url\":\"https:\\\/\\\/lopez.pl\\\/de\\\/kostenloser-kostenvoranschlag\\\/\",\"name\":\"Kostenloser Kostenvoranschlag &#8226; Lopez.pl\",\"isPartOf\":{\"@id\":\"https:\\\/\\\/lopez.pl\\\/de\\\/#website\"},\"datePublished\":\"2017-11-29T09:49:35+00:00\",\"dateModified\":\"2023-03-27T12:00:13+00:00\",\"breadcrumb\":{\"@id\":\"https:\\\/\\\/lopez.pl\\\/de\\\/kostenloser-kostenvoranschlag\\\/#breadcrumb\"},\"inLanguage\":\"de\",\"potentialAction\":[{\"@type\":\"ReadAction\",\"target\":[\"https:\\\/\\\/lopez.pl\\\/de\\\/kostenloser-kostenvoranschlag\\\/\"]}]},{\"@type\":\"BreadcrumbList\",\"@id\":\"https:\\\/\\\/lopez.pl\\\/de\\\/kostenloser-kostenvoranschlag\\\/#breadcrumb\",\"itemListElement\":[{\"@type\":\"ListItem\",\"position\":1,\"name\":\"Strona g\u0142\u00f3wna\",\"item\":\"https:\\\/\\\/lopez.pl\\\/de\\\/lopez\\\/\"},{\"@type\":\"ListItem\",\"position\":2,\"name\":\"Kostenloser Kostenvoranschlag\"}]},{\"@type\":\"WebSite\",\"@id\":\"https:\\\/\\\/lopez.pl\\\/de\\\/#website\",\"url\":\"https:\\\/\\\/lopez.pl\\\/de\\\/\",\"name\":\"Lopez.pl\",\"description\":\"Stolarka okienna i drzwiowa\",\"potentialAction\":[{\"@type\":\"SearchAction\",\"target\":{\"@type\":\"EntryPoint\",\"urlTemplate\":\"https:\\\/\\\/lopez.pl\\\/de\\\/?s={search_term_string}\"},\"query-input\":{\"@type\":\"PropertyValueSpecification\",\"valueRequired\":true,\"valueName\":\"search_term_string\"}}],\"inLanguage\":\"de\"}]}<\/script>\n<!-- \/ Yoast SEO plugin. -->","yoast_head_json":{"title":"Kostenloser Kostenvoranschlag &#8226; Lopez.pl","robots":{"index":"index","follow":"follow","max-snippet":"max-snippet:-1","max-image-preview":"max-image-preview:large","max-video-preview":"max-video-preview:-1"},"canonical":"https:\/\/lopez.pl\/de\/kostenloser-kostenvoranschlag\/","og_locale":"de_DE","og_type":"article","og_title":"Kostenloser Kostenvoranschlag &#8226; Lopez.pl","og_description":"[mk_page_section bg_color=&#8220;#0b4a63&#8243; sidebar=&#8220;sidebar-1&#8243;][vc_column][mk_page_title_box page_title=&#8220;Kostenloser Kostenvoranschlag&#8220; page_subtitle=&#8220;Kontaktieren Sie uns und wir werden ein kostenloses Angebot machen&#8220; bg_type=&#8220;color&#8220; bg_color=&#8220;#0b4a63&#8243; font_size=&#8220;42&#8243; title_letter_spacing=&#8220;1&#8243; font_color=&#8220;#ffffff&#8220; font_weight=&#8220;bold&#8220; sub_font_size=&#8220;26&#8243; sub_font_color=&#8220;#ffffff&#8220;][\/vc_column][\/mk_page_section][mk_page_section bg_position=&#8220;center center&#8220; bg_repeat=&#8220;no-repeat&#8220; bg_stretch=&#8220;true&#8220; min_height=&#8220;0&#8243; padding_top=&#8220;110&#8243; padding_bottom=&#8220;26&#8243; sidebar=&#8220;sidebar-1&#8243;][vc_column][vc_row_inner attached=&#8220;true&#8220;][vc_column_inner width=&#8220;1\/3&#8243; offset=&#8220;vc_col-md-2&#8243;][mk_image src=&#8220;https:\/\/lopez.pl\/wp-content\/uploads\/lopez_logo-big-lite.svg&#8220; image_size=&#8220;full&#8220; margin_bottom=&#8220;42&#8243;][\/vc_column_inner][vc_column_inner width=&#8220;1\/3&#8243; offset=&#8220;vc_col-md-2&#8243;][vc_column_text css=&#8220;.vc_custom_1512738722401{margin-bottom: 0px !important;}&#8220;]ul. Jagodowa 1 66-008 Wilkanowo NIP PL9291018379 REGON 970446182[\/vc_column_text][\/vc_column_inner][vc_column_inner width=&#8220;1\/3&#8243; offset=&#8220;vc_col-md-8&#8243;][mk_icon_box2 icon_size=&#8220;32&#8243; icon=&#8220;mk-icon-phone&#8220; icon_color=&#8220;#0b4a63&#8243; [&hellip;]","og_url":"https:\/\/lopez.pl\/de\/kostenloser-kostenvoranschlag\/","og_site_name":"Lopez.pl","article_modified_time":"2023-03-27T12:00:13+00:00","twitter_card":"summary_large_image","twitter_misc":{"Gesch\u00e4tzte Lesezeit":"1\u00a0Minute"},"schema":{"@context":"https:\/\/schema.org","@graph":[{"@type":"WebPage","@id":"https:\/\/lopez.pl\/de\/kostenloser-kostenvoranschlag\/","url":"https:\/\/lopez.pl\/de\/kostenloser-kostenvoranschlag\/","name":"Kostenloser Kostenvoranschlag &#8226; Lopez.pl","isPartOf":{"@id":"https:\/\/lopez.pl\/de\/#website"},"datePublished":"2017-11-29T09:49:35+00:00","dateModified":"2023-03-27T12:00:13+00:00","breadcrumb":{"@id":"https:\/\/lopez.pl\/de\/kostenloser-kostenvoranschlag\/#breadcrumb"},"inLanguage":"de","potentialAction":[{"@type":"ReadAction","target":["https:\/\/lopez.pl\/de\/kostenloser-kostenvoranschlag\/"]}]},{"@type":"BreadcrumbList","@id":"https:\/\/lopez.pl\/de\/kostenloser-kostenvoranschlag\/#breadcrumb","itemListElement":[{"@type":"ListItem","position":1,"name":"Strona g\u0142\u00f3wna","item":"https:\/\/lopez.pl\/de\/lopez\/"},{"@type":"ListItem","position":2,"name":"Kostenloser Kostenvoranschlag"}]},{"@type":"WebSite","@id":"https:\/\/lopez.pl\/de\/#website","url":"https:\/\/lopez.pl\/de\/","name":"Lopez.pl","description":"Stolarka okienna i drzwiowa","potentialAction":[{"@type":"SearchAction","target":{"@type":"EntryPoint","urlTemplate":"https:\/\/lopez.pl\/de\/?s={search_term_string}"},"query-input":{"@type":"PropertyValueSpecification","valueRequired":true,"valueName":"search_term_string"}}],"inLanguage":"de"}]}},"_links":{"self":[{"href":"https:\/\/lopez.pl\/de\/wp-json\/wp\/v2\/pages\/1900","targetHints":{"allow":["GET"]}}],"collection":[{"href":"https:\/\/lopez.pl\/de\/wp-json\/wp\/v2\/pages"}],"about":[{"href":"https:\/\/lopez.pl\/de\/wp-json\/wp\/v2\/types\/page"}],"author":[{"embeddable":true,"href":"https:\/\/lopez.pl\/de\/wp-json\/wp\/v2\/users\/1"}],"replies":[{"embeddable":true,"href":"https:\/\/lopez.pl\/de\/wp-json\/wp\/v2\/comments?post=1900"}],"version-history":[{"count":5,"href":"https:\/\/lopez.pl\/de\/wp-json\/wp\/v2\/pages\/1900\/revisions"}],"predecessor-version":[{"id":2804,"href":"https:\/\/lopez.pl\/de\/wp-json\/wp\/v2\/pages\/1900\/revisions\/2804"}],"wp:attachment":[{"href":"https:\/\/lopez.pl\/de\/wp-json\/wp\/v2\/media?parent=1900"}],"curies":[{"name":"wp","href":"https:\/\/api.w.org\/{rel}","templated":true}]}}